{"id":2717,"date":"2017-11-15T17:17:12","date_gmt":"2017-11-15T17:17:12","guid":{"rendered":"http:\/\/www.horacioverini.com\/?page_id=2717"},"modified":"2023-09-27T17:11:36","modified_gmt":"2023-09-27T17:11:36","slug":"il-mio-lavoro","status":"publish","type":"page","link":"https:\/\/www.horacioverini.com\/it\/il-mio-lavoro\/","title":{"rendered":"Il mio lavoro"},"content":{"rendered":"<p>[et_pb_section fb_built=&#8221;1&#8243; custom_padding_last_edited=&#8221;on|desktop&#8221; admin_label=&#8221;section&#8221; _builder_version=&#8221;4.16&#8243; background_color=&#8221;rgba(255,255,255,0)&#8221; custom_padding_tablet=&#8221;50px|0|50px|0&#8243; custom_padding_phone=&#8221;&#8221; transparent_background=&#8221;on&#8221; padding_mobile=&#8221;off&#8221; make_fullwidth=&#8221;off&#8221; use_custom_width=&#8221;off&#8221; width_unit=&#8221;on&#8221; global_colors_info=&#8221;{}&#8221;][et_pb_row padding_mobile=&#8221;off&#8221; column_padding_mobile=&#8221;on&#8221; admin_label=&#8221;row&#8221; _builder_version=&#8221;4.16&#8243; background_size=&#8221;initial&#8221; background_position=&#8221;top_left&#8221; background_repeat=&#8221;repeat&#8221; custom_padding=&#8221;0px|0px|0px|0px&#8221; make_fullwidth=&#8221;on&#8221; use_custom_width=&#8221;on&#8221; width_unit=&#8221;on&#8221; global_colors_info=&#8221;{}&#8221;][et_pb_column type=&#8221;4_4&#8243; _builder_version=&#8221;4.16&#8243; custom_padding=&#8221;|||&#8221; global_colors_info=&#8221;{}&#8221; custom_padding__hover=&#8221;|||&#8221;][et_pb_divider color=&#8221;#470063&#8243; disabled_on=&#8221;on|on|off&#8221; _builder_version=&#8221;4.16&#8243; hide_on_mobile=&#8221;on&#8221; global_colors_info=&#8221;{}&#8221;]&nbsp;<br \/>\n[\/et_pb_divider][\/et_pb_column][\/et_pb_row][\/et_pb_section][et_pb_section fb_built=&#8221;1&#8243; _builder_version=&#8221;4.16&#8243; background_color=&#8221;#ffffff&#8221; custom_padding=&#8221;||30px|&#8221; transparent_background=&#8221;off&#8221; make_fullwidth=&#8221;off&#8221; use_custom_width=&#8221;off&#8221; width_unit=&#8221;on&#8221; global_colors_info=&#8221;{}&#8221;][et_pb_row padding_mobile=&#8221;off&#8221; column_padding_mobile=&#8221;on&#8221; _builder_version=&#8221;4.16&#8243; background_color=&#8221;#ffffff&#8221; background_size=&#8221;initial&#8221; background_position=&#8221;top_left&#8221; background_repeat=&#8221;repeat&#8221; max_width=&#8221;1600px&#8221; make_fullwidth=&#8221;off&#8221; use_custom_width=&#8221;on&#8221; width_unit=&#8221;on&#8221; custom_width_px=&#8221;1600px&#8221; global_colors_info=&#8221;{}&#8221;][et_pb_column type=&#8221;4_4&#8243; _builder_version=&#8221;4.16&#8243; custom_padding=&#8221;|||&#8221; global_colors_info=&#8221;{}&#8221; custom_padding__hover=&#8221;|||&#8221;][et_pb_text _builder_version=&#8221;4.16&#8243; text_font=&#8221;Lato||||||||&#8221; text_font_size=&#8221;17px&#8221; text_letter_spacing=&#8221;2px&#8221; text_line_height=&#8221;2em&#8221; module_alignment=&#8221;left&#8221; custom_margin=&#8221;40px||10px|&#8221; text_font_size_tablet=&#8221;14px&#8221; text_font_size_phone=&#8221;14px&#8221; text_font_size_last_edited=&#8221;on|desktop&#8221; border_color_all=&#8221;#ffffff&#8221; border_style_all=&#8221;solid&#8221; use_border_color=&#8221;off&#8221; border_color=&#8221;#ffffff&#8221; border_style=&#8221;solid&#8221; global_colors_info=&#8221;{}&#8221; background_size=&#8221;initial&#8221; background_position=&#8221;top_left&#8221; background_repeat=&#8221;repeat&#8221; custom_margin_last_edited=&#8221;on|phone&#8221; header_font_size_tablet=&#8221;18px&#8221; header_font_size_phone=&#8221;18px&#8221; header_font_size_last_edited=&#8221;on|desktop&#8221; custom_margin_tablet=&#8221;40px||10px|&#8221; custom_margin_phone=&#8221;40px||10px|&#8221;]<\/p>\n<h1 style=\"text-align: left;\">IL MIO LAVORO<\/h1>\n<p style=\"text-align: justify;\">E\u2019 ormai storica la frattura nella concezione della salute: la medicina occidentale si \u00e8 concentrata sul corpo fisico, ignorando la relazione esistente tra causa emozionale e sintomo (dicotomia mente-corpo, mai accettata nella concezione orientale). In questa frattura, la medicina orientale viene disprezzata in quanto non oggettivabile rispetto alla visione positivista e accantonata (sebbene recentemente lo sviluppo dell\u2019elettronica abbia portato all\u2019oggettivazione di cio che da millenni viene usato in forma empirica). Ed \u00e8 cos\u00ec che la nostra societ\u00e0 ha dissociato la psichiatria dalla medicina del corpo.<\/p>\n<p style=\"text-align: justify;\">Horacio Verini propone la consapevolezza di come i processi psichici (immateriali), possano impattare la fisiologia (la biologia molecolare e i processi materiali). Comprendendo in modo evidente come ogni alterazione fisica del Sistema Nervoso Centrale (biochimica, anatomia) \u00e8 destinato a riflettersi sulla sfera psichica (come disturbi vascolari e cerebrali che si ripercuotono sulla mente e sulla psiche), spiegando come un conflitto psichico generato dall\u2019ambiente (stress, fattori biopsicosociali o ambientali), possa tradursi concretamente in un fenomeno nel corpo fisico. O come qualcosa di tanto immateriale come un\u2019emozione o un pensiero possa trasformarsi in qualcosa di tanto tangibile come la malattia fisica.<\/p>\n<p style=\"text-align: left;\">La prima medicina a offrire risposte a queste domande \u00e8 stata quella cinese, affermando che le emozioni hanno un legame pieno con i nostri organi (per es. Paura, reni e vescica; tristezza, polmoni) e stabilendo una relazione tra gli organi e le malattie e le emozioni di chi le prova.<\/p>\n<p style=\"text-align: left;\">La proposta del Dr Verini postula che non esista divisione tra i processi fisici e psichici che altro non sono che fenomeni simultanei della nostra vita, nello stesso modo in cui l\u2019energia pu\u00f2 essere sia onda sia particella (il fenomeno dell\u2019elettromagnetismo e materiale di fotone e luce. Il nuovo paradigma della f\u00edsica ha dimostrato che il fenomeno energetico pu\u00f2 contemporaneamente manifestarsi come particella e come onda vibrazionale. Nello stesso modo, nell\u2019uomo la manifestazione come particella rappresenta il corpo fisico e contemporaneamente, come vibrazione,la mente e la sfera psichica.<\/p>\n<p>[\/et_pb_text][et_pb_divider color=&#8221;#000000&#8243; divider_style=&#8221;dashed&#8221; disabled_on=&#8221;on|on|off&#8221; _builder_version=&#8221;4.16&#8243; hide_on_mobile=&#8221;on&#8221; global_colors_info=&#8221;{}&#8221;][\/et_pb_divider][et_pb_text _builder_version=&#8221;4.16&#8243; text_font=&#8221;Lato||||||||&#8221; text_font_size=&#8221;17px&#8221; text_letter_spacing=&#8221;2px&#8221; text_line_height=&#8221;2em&#8221; module_alignment=&#8221;left&#8221; custom_margin=&#8221;40px||10px|&#8221; text_font_size_tablet=&#8221;14px&#8221; text_font_size_phone=&#8221;14px&#8221; text_font_size_last_edited=&#8221;on|desktop&#8221; border_color_all=&#8221;#ffffff&#8221; border_style_all=&#8221;solid&#8221; use_border_color=&#8221;off&#8221; border_color=&#8221;#ffffff&#8221; border_style=&#8221;solid&#8221; global_colors_info=&#8221;{}&#8221; background_size=&#8221;initial&#8221; background_position=&#8221;top_left&#8221; background_repeat=&#8221;repeat&#8221; custom_margin_last_edited=&#8221;on|phone&#8221; header_font_size_tablet=&#8221;18px&#8221; header_font_size_phone=&#8221;18px&#8221; header_font_size_last_edited=&#8221;on|desktop&#8221; custom_margin_tablet=&#8221;40px||10px|&#8221; custom_margin_phone=&#8221;40px||10px|&#8221;]<\/p>\n<p style=\"text-align: justify;\"><strong>La malattia non \u00e8 materiale all\u2019origine, bens\u00ec un concentrato di fattori ontogenici, biografici e transpersonali. <\/strong><\/p>\n<p style=\"text-align: justify;\">E\u2019 noto che reagiamo in modo differente agli stimoli che riceviamo dal nostro ambiente in funzione del fatto che la sensazione che riceviamo sia piacevole o dis-piacevole: se \u00e8 piacevole, l\u2019energia fluisce in tutto il nostro organismo in modo omogeneo; se, al contrario, non lo \u00e8, reagiamo respingendo questa sensazione sgradevole con la mente e cerchiamo di neutralizzarla nel corpo contraendo i muscoli, trattenendo cos\u00ec la circolazione dell\u2019energia per evitare che la sensazione spiacevole ci invada.<\/p>\n<p style=\"text-align: justify;\">La vita moderna non ci lascia indenni dagli effetti di questo blocco emozionale, dalla pressione continua a cui siamo sottoposti e dalla spinta di fare fruttare i nostri investimenti sempre di pi\u00f9 senza riflettere sulle reali necessit\u00e0 di ogni individuo, dando luogo ad una reazione compensatoria importante. L\u2019energia trattenuta per la reazione emozionale in un punto nascosto del nostro corpo si manifesta come patologia fisica (ulcera, gastrite, contrattura muscolare, infertilit\u00e0, tumore&#8230;) o si rende evidente come manifestazione psichica (fobia, depressione, disturbi alimentari\u2026).<\/p>\n<p style=\"text-align: justify;\">Quando un desiderio o un impulso non possono essere assecondati o una emozione esprimersi, le emozioni soppresse e bloccate si manifestano nel corpo. La malattia appare chiaramente come linguaggio, capace di trasferire messaggi a chi li sappia leggere.<\/p>\n<p style=\"text-align: justify;\">Per la nostra societ\u00e0, la malattia \u00e8 qualcosa di accettabile, mentre accettabile non sempre \u00e8 l\u2019espressione delle proprie emozioni. Cos\u00ec sintomi e malattie, tollerati dalla societ\u00e0, vengono a sostituire l\u2019espressione delle emozioni non accettate.<\/p>\n<p style=\"text-align: justify;\">Come il sistema sanitario vigente sopprime i sintomi, curandoli senza approfondire la causa emozionale che ha generato il fenomeno, la malattia rimane celata insieme al suo nucleo eziologico (causa), pronta a rimanifestarsi in altre zone del sistema.<\/p>\n<p style=\"text-align: justify;\">Sia la famiglia, che il sistema scolastico che la societ\u00e0ci hanno inculcato il senso di ci\u00f2 che \u00e8 corretto e di ci\u00f2 che non lo \u00e8, creando in noi una struttura rigida al fine di impedire l\u2019espansione delle emozioni, non accetabili per la nostra societ\u00e0. E quanto pi\u00f9 \u00e8 stata rigida questa struttura repressiva (corazza caratteriale) meno possibilit\u00e0 avremo di esprimere ci\u00f2 che sentiamo; mentre la nostra tensione emozionale si accumula come lava di un vulcano fino a trasformarsi in malattia organica e\/o psichica come espressioni di un medesimo fenomeno che viene chiamato <strong>nucleo<\/strong> che pu\u00f2 essere veicolato sia attraverso l\u2019appartao fisico che psichico, <strong>rimanendo sempre invisibile al pensiero cosciente e alla nostra consapevolezza.<\/strong><\/p>\n<p style=\"text-align: justify;\">Il Dr Verini interviene in questo, impendendo che un nucleo non risolto (trauma) si trasformi in fenomeno <strong>psichico<\/strong> (fobia, depressione, disturbi alimentari) e\/o<strong> f\u00edsico<\/strong> (ulcera, gastrite, contrattura muscolare, infertilit\u00e0, tumore o malattue degenarative del sistema neurologico).<\/p>\n<p>[\/et_pb_text][et_pb_divider color=&#8221;#000000&#8243; divider_style=&#8221;dashed&#8221; disabled_on=&#8221;on|on|off&#8221; _builder_version=&#8221;4.16&#8243; hide_on_mobile=&#8221;on&#8221; global_colors_info=&#8221;{}&#8221;][\/et_pb_divider][et_pb_text _builder_version=&#8221;4.16&#8243; text_font=&#8221;Lato||||||||&#8221; text_font_size=&#8221;17px&#8221; text_letter_spacing=&#8221;2px&#8221; text_line_height=&#8221;2em&#8221; module_alignment=&#8221;left&#8221; custom_margin=&#8221;40px||10px|&#8221; text_font_size_tablet=&#8221;14px&#8221; text_font_size_phone=&#8221;14px&#8221; text_font_size_last_edited=&#8221;on|desktop&#8221; border_color_all=&#8221;#ffffff&#8221; border_style_all=&#8221;solid&#8221; use_border_color=&#8221;off&#8221; border_color=&#8221;#ffffff&#8221; border_style=&#8221;solid&#8221; global_colors_info=&#8221;{}&#8221; background_size=&#8221;initial&#8221; background_position=&#8221;top_left&#8221; background_repeat=&#8221;repeat&#8221; custom_margin_last_edited=&#8221;on|phone&#8221; header_font_size_tablet=&#8221;18px&#8221; header_font_size_phone=&#8221;18px&#8221; header_font_size_last_edited=&#8221;on|desktop&#8221; custom_margin_tablet=&#8221;40px||10px|&#8221; custom_margin_phone=&#8221;40px||10px|&#8221;]<\/p>\n<p style=\"text-align: justify;\">La tecnica del Dr. Verini consente di accedere al livello pi\u00f9 profondo della nostra esperienza personale, anche a quello che non conosciamo, e che \u00e8 in grado di influenzare profondamente la nostra vita. Tutto quanto avviene nella nostra vita ha un impatt sulla nostra vita e rimane impresso a livello cellulare.<br \/>\nUna buona o una cattiva notizia produce una reazione nel nostro corpo. Questi impatti o emozioni si imprimono nelle nostre cellule, portandoci a reagire nello stesso modo a situazioni simili. Quando affrontiamo una situazione traumatica, la situazione si cristallizza, insieme alle emozioni sperimentate.<\/p>\n<p style=\"text-align: justify;\">Successivamente quanto successo pu\u00f2 rimanere latente, ma ogni situazione simile che si ripresenta attiva a livello subcosciente le emozioni sperimentate nel passato. Il nostro corpo \u00e8 come un computer. Lo carichiamo di informazioni a che volte modifichiamo o eliminiamo e che sono schemi che ci impediscono di stare bene, in salute e senza stress. Horacio Verini accede a tutte queste informazioni che si sono acumulate nel corso della nostra vita ed \u00e8 i grado di entrare in questo nucleo e nei traumi nascosti nel\u2019inconscio, che sono poi la causa vera delle nostre malattie e malessere.<\/p>\n<p style=\"text-align: justify;\">Attraverso queste tecniche, il Dr. Verini accede al momento in cui il nucleo della patologia si \u00e8 formato e re-iscrive i contenuti, smantellando all\u2019origine le cause dei disturbi attuali, disattivando la sua capacit\u00e0 disequilibrate che porta alla malattia.<\/p>\n<p style=\"text-align: justify;\">Pertanto queste tecniche servono per <strong>evitare il discorso come fonte di resistenza e informazioni incomplete. Il corpo consente un accesso ai registri bloccati e alle strutture profondamente radicate nel nostro inconscio.<\/strong><\/p>\n<p>[\/et_pb_text][\/et_pb_column][\/et_pb_row][\/et_pb_section][et_pb_section fb_built=&#8221;1&#8243; fullwidth=&#8221;on&#8221; _builder_version=&#8221;4.16&#8243; background_color=&#8221;#ffffff&#8221; transparent_background=&#8221;off&#8221; global_colors_info=&#8221;{}&#8221;][et_pb_fullwidth_slider show_content_on_mobile=&#8221;off&#8221; show_cta_on_mobile=&#8221;off&#8221; _builder_version=&#8221;4.16&#8243; parallax=&#8221;on&#8221; custom_padding=&#8221;100px&#8221; show_inner_shadow=&#8221;off&#8221; global_colors_info=&#8221;{}&#8221; button_text_size__hover_enabled=&#8221;off&#8221; button_one_text_size__hover_enabled=&#8221;off&#8221; button_two_text_size__hover_enabled=&#8221;off&#8221; button_text_color__hover_enabled=&#8221;off&#8221; button_one_text_color__hover_enabled=&#8221;off&#8221; button_two_text_color__hover_enabled=&#8221;off&#8221; button_border_width__hover_enabled=&#8221;off&#8221; button_one_border_width__hover_enabled=&#8221;off&#8221; button_two_border_width__hover_enabled=&#8221;off&#8221; button_border_color__hover_enabled=&#8221;off&#8221; button_one_border_color__hover_enabled=&#8221;off&#8221; button_two_border_color__hover_enabled=&#8221;off&#8221; button_border_radius__hover_enabled=&#8221;off&#8221; button_one_border_radius__hover_enabled=&#8221;off&#8221; button_two_border_radius__hover_enabled=&#8221;off&#8221; button_letter_spacing__hover_enabled=&#8221;off&#8221; button_one_letter_spacing__hover_enabled=&#8221;off&#8221; button_two_letter_spacing__hover_enabled=&#8221;off&#8221; button_bg_color__hover_enabled=&#8221;off&#8221; button_one_bg_color__hover_enabled=&#8221;off&#8221; button_two_bg_color__hover_enabled=&#8221;off&#8221;][et_pb_slide heading=&#8221;%22RIFLESSIONE%22&#8243; use_bg_overlay=&#8221;on&#8221; bg_overlay_color=&#8221;rgba(204,144,187,0.29)&#8221; use_text_overlay=&#8221;off&#8221; admin_title=&#8221;fotos&#8221; _builder_version=&#8221;4.16&#8243; header_font=&#8221;The Girl Next Door|on|||&#8221; header_font_size=&#8221;60&#8243; body_font=&#8221;The Girl Next Door|on|||&#8221; body_font_size=&#8221;45&#8243; background_color=&#8221;rgba(204,69,190,0.66)&#8221; background_image=&#8221;https:\/\/www.horacioverini.com\/wp-content\/uploads\/2017\/01\/ni\u00f1o-buda.jpg&#8221; background_position=&#8221;top_left&#8221; header_font_size_tablet=&#8221;22&#8243; header_font_size_phone=&#8221;22&#8243; header_font_size_last_edited=&#8221;on|tablet&#8221; body_font_size_tablet=&#8221;22&#8243; body_font_size_phone=&#8221;22&#8243; body_font_size_last_edited=&#8221;on|phone&#8221; global_colors_info=&#8221;{}&#8221; sticky_transition=&#8221;on&#8221; button_text_size__hover_enabled=&#8221;off&#8221; button_one_text_size__hover_enabled=&#8221;off&#8221; button_two_text_size__hover_enabled=&#8221;off&#8221; button_text_color__hover_enabled=&#8221;off&#8221; button_one_text_color__hover_enabled=&#8221;off&#8221; button_two_text_color__hover_enabled=&#8221;off&#8221; button_border_width__hover_enabled=&#8221;off&#8221; button_one_border_width__hover_enabled=&#8221;off&#8221; button_two_border_width__hover_enabled=&#8221;off&#8221; button_border_color__hover_enabled=&#8221;off&#8221; button_one_border_color__hover_enabled=&#8221;off&#8221; button_two_border_color__hover_enabled=&#8221;off&#8221; button_border_radius__hover_enabled=&#8221;off&#8221; button_one_border_radius__hover_enabled=&#8221;off&#8221; button_two_border_radius__hover_enabled=&#8221;off&#8221; button_letter_spacing__hover_enabled=&#8221;off&#8221; button_one_letter_spacing__hover_enabled=&#8221;off&#8221; button_two_letter_spacing__hover_enabled=&#8221;off&#8221; button_bg_color__hover_enabled=&#8221;off&#8221; button_one_bg_color__hover_enabled=&#8221;off&#8221; button_two_bg_color__hover_enabled=&#8221;off&#8221;]<\/p>\n<p style=\"text-align: center;\">Dobbiamo essere coscienti quando, ci ammaliamo, che non basta curare il nostro corpo, ma serve osservare la relazione che c\u2019\u00e8 tra la malattia e colpe da accettare, ricordi da perdonare, tristezza da liberare, scontri da sbloccare\u2026<\/p>\n<p>[\/et_pb_slide][\/et_pb_fullwidth_slider][\/et_pb_section]<\/p>\n","protected":false},"excerpt":{"rendered":"<p>&nbsp; IL MIO LAVORO E\u2019 ormai storica la frattura nella concezione della salute: la medicina occidentale si \u00e8 concentrata sul corpo fisico, ignorando la relazione esistente tra causa emozionale e sintomo (dicotomia mente-corpo, mai accettata nella concezione orientale). In questa frattura, la medicina orientale viene disprezzata in quanto non oggettivabile rispetto alla visione positivista e [&hellip;]<\/p>\n","protected":false},"author":1,"featured_media":0,"parent":0,"menu_order":0,"comment_status":"closed","ping_status":"closed","template":"","meta":{"_et_pb_use_builder":"on","_et_pb_old_content":"","_et_gb_content_width":"","footnotes":""},"class_list":["post-2717","page","type-page","status-publish","hentry"],"yoast_head":"<!-- This site is optimized with the Yoast SEO plugin v27.5 - https:\/\/yoast.com\/product\/yoast-seo-wordpress\/ -->\n<title>Il mio lavoro - M\u00e9dico endocrino,metabolismo,medicina tibetana,especialistas en estres,divulgador y escritor.<\/title>\n<meta name=\"robots\" content=\"index, follow, max-snippet:-1, max-image-preview:large, max-video-preview:-1\" \/>\n<link rel=\"canonical\" href=\"https:\/\/www.horacioverini.com\/it\/il-mio-lavoro\/\" \/>\n<meta property=\"og:locale\" content=\"it_IT\" \/>\n<meta property=\"og:type\" content=\"article\" \/>\n<meta property=\"og:title\" content=\"Il mio lavoro - M\u00e9dico endocrino,metabolismo,medicina tibetana,especialistas en estres,divulgador y escritor.\" \/>\n<meta property=\"og:description\" content=\"&nbsp; IL MIO LAVORO E\u2019 ormai storica la frattura nella concezione della salute: la medicina occidentale si \u00e8 concentrata sul corpo fisico, ignorando la relazione esistente tra causa emozionale e sintomo (dicotomia mente-corpo, mai accettata nella concezione orientale). In questa frattura, la medicina orientale viene disprezzata in quanto non oggettivabile rispetto alla visione positivista e [&hellip;]\" \/>\n<meta property=\"og:url\" content=\"https:\/\/www.horacioverini.com\/it\/il-mio-lavoro\/\" \/>\n<meta property=\"og:site_name\" content=\"M\u00e9dico endocrino,metabolismo,medicina tibetana,especialistas en estres,divulgador y escritor.\" \/>\n<meta property=\"article:modified_time\" content=\"2023-09-27T17:11:36+00:00\" \/>\n<meta name=\"twitter:card\" content=\"summary_large_image\" \/>\n<meta name=\"twitter:label1\" content=\"Tempo di lettura stimato\" \/>\n\t<meta name=\"twitter:data1\" content=\"11 minuti\" \/>\n<script type=\"application\/ld+json\" class=\"yoast-schema-graph\">{\"@context\":\"https:\\\/\\\/schema.org\",\"@graph\":[{\"@type\":\"WebPage\",\"@id\":\"https:\\\/\\\/www.horacioverini.com\\\/it\\\/il-mio-lavoro\\\/\",\"url\":\"https:\\\/\\\/www.horacioverini.com\\\/it\\\/il-mio-lavoro\\\/\",\"name\":\"Il mio lavoro - M\u00e9dico endocrino,metabolismo,medicina tibetana,especialistas en estres,divulgador y escritor.\",\"isPartOf\":{\"@id\":\"https:\\\/\\\/www.horacioverini.com\\\/#website\"},\"datePublished\":\"2017-11-15T17:17:12+00:00\",\"dateModified\":\"2023-09-27T17:11:36+00:00\",\"breadcrumb\":{\"@id\":\"https:\\\/\\\/www.horacioverini.com\\\/it\\\/il-mio-lavoro\\\/#breadcrumb\"},\"inLanguage\":\"it-IT\",\"potentialAction\":[{\"@type\":\"ReadAction\",\"target\":[\"https:\\\/\\\/www.horacioverini.com\\\/it\\\/il-mio-lavoro\\\/\"]}]},{\"@type\":\"BreadcrumbList\",\"@id\":\"https:\\\/\\\/www.horacioverini.com\\\/it\\\/il-mio-lavoro\\\/#breadcrumb\",\"itemListElement\":[{\"@type\":\"ListItem\",\"position\":1,\"name\":\"Home\",\"item\":\"https:\\\/\\\/www.horacioverini.com\\\/it\\\/\"},{\"@type\":\"ListItem\",\"position\":2,\"name\":\"Il mio lavoro\"}]},{\"@type\":\"WebSite\",\"@id\":\"https:\\\/\\\/www.horacioverini.com\\\/#website\",\"url\":\"https:\\\/\\\/www.horacioverini.com\\\/\",\"name\":\"M\u00e9dico endocrino,metabolismo,medicina tibetana,especialistas en estres,divulgador y escritor.\",\"description\":\"Medico especialista en medicina tibetana.\",\"potentialAction\":[{\"@type\":\"SearchAction\",\"target\":{\"@type\":\"EntryPoint\",\"urlTemplate\":\"https:\\\/\\\/www.horacioverini.com\\\/?s={search_term_string}\"},\"query-input\":{\"@type\":\"PropertyValueSpecification\",\"valueRequired\":true,\"valueName\":\"search_term_string\"}}],\"inLanguage\":\"it-IT\"}]}<\/script>\n<!-- \/ Yoast SEO plugin. -->","yoast_head_json":{"title":"Il mio lavoro - M\u00e9dico endocrino,metabolismo,medicina tibetana,especialistas en estres,divulgador y escritor.","robots":{"index":"index","follow":"follow","max-snippet":"max-snippet:-1","max-image-preview":"max-image-preview:large","max-video-preview":"max-video-preview:-1"},"canonical":"https:\/\/www.horacioverini.com\/it\/il-mio-lavoro\/","og_locale":"it_IT","og_type":"article","og_title":"Il mio lavoro - M\u00e9dico endocrino,metabolismo,medicina tibetana,especialistas en estres,divulgador y escritor.","og_description":"&nbsp; IL MIO LAVORO E\u2019 ormai storica la frattura nella concezione della salute: la medicina occidentale si \u00e8 concentrata sul corpo fisico, ignorando la relazione esistente tra causa emozionale e sintomo (dicotomia mente-corpo, mai accettata nella concezione orientale). In questa frattura, la medicina orientale viene disprezzata in quanto non oggettivabile rispetto alla visione positivista e [&hellip;]","og_url":"https:\/\/www.horacioverini.com\/it\/il-mio-lavoro\/","og_site_name":"M\u00e9dico endocrino,metabolismo,medicina tibetana,especialistas en estres,divulgador y escritor.","article_modified_time":"2023-09-27T17:11:36+00:00","twitter_card":"summary_large_image","twitter_misc":{"Tempo di lettura stimato":"11 minuti"},"schema":{"@context":"https:\/\/schema.org","@graph":[{"@type":"WebPage","@id":"https:\/\/www.horacioverini.com\/it\/il-mio-lavoro\/","url":"https:\/\/www.horacioverini.com\/it\/il-mio-lavoro\/","name":"Il mio lavoro - M\u00e9dico endocrino,metabolismo,medicina tibetana,especialistas en estres,divulgador y escritor.","isPartOf":{"@id":"https:\/\/www.horacioverini.com\/#website"},"datePublished":"2017-11-15T17:17:12+00:00","dateModified":"2023-09-27T17:11:36+00:00","breadcrumb":{"@id":"https:\/\/www.horacioverini.com\/it\/il-mio-lavoro\/#breadcrumb"},"inLanguage":"it-IT","potentialAction":[{"@type":"ReadAction","target":["https:\/\/www.horacioverini.com\/it\/il-mio-lavoro\/"]}]},{"@type":"BreadcrumbList","@id":"https:\/\/www.horacioverini.com\/it\/il-mio-lavoro\/#breadcrumb","itemListElement":[{"@type":"ListItem","position":1,"name":"Home","item":"https:\/\/www.horacioverini.com\/it\/"},{"@type":"ListItem","position":2,"name":"Il mio lavoro"}]},{"@type":"WebSite","@id":"https:\/\/www.horacioverini.com\/#website","url":"https:\/\/www.horacioverini.com\/","name":"M\u00e9dico endocrino,metabolismo,medicina tibetana,especialistas en estres,divulgador y escritor.","description":"Medico especialista en medicina tibetana.","potentialAction":[{"@type":"SearchAction","target":{"@type":"EntryPoint","urlTemplate":"https:\/\/www.horacioverini.com\/?s={search_term_string}"},"query-input":{"@type":"PropertyValueSpecification","valueRequired":true,"valueName":"search_term_string"}}],"inLanguage":"it-IT"}]}},"_links":{"self":[{"href":"https:\/\/www.horacioverini.com\/it\/wp-json\/wp\/v2\/pages\/2717","targetHints":{"allow":["GET"]}}],"collection":[{"href":"https:\/\/www.horacioverini.com\/it\/wp-json\/wp\/v2\/pages"}],"about":[{"href":"https:\/\/www.horacioverini.com\/it\/wp-json\/wp\/v2\/types\/page"}],"author":[{"embeddable":true,"href":"https:\/\/www.horacioverini.com\/it\/wp-json\/wp\/v2\/users\/1"}],"replies":[{"embeddable":true,"href":"https:\/\/www.horacioverini.com\/it\/wp-json\/wp\/v2\/comments?post=2717"}],"version-history":[{"count":9,"href":"https:\/\/www.horacioverini.com\/it\/wp-json\/wp\/v2\/pages\/2717\/revisions"}],"predecessor-version":[{"id":3341,"href":"https:\/\/www.horacioverini.com\/it\/wp-json\/wp\/v2\/pages\/2717\/revisions\/3341"}],"wp:attachment":[{"href":"https:\/\/www.horacioverini.com\/it\/wp-json\/wp\/v2\/media?parent=2717"}],"curies":[{"name":"wp","href":"https:\/\/api.w.org\/{rel}","templated":true}]}}