{"id":2715,"date":"2017-11-15T17:15:07","date_gmt":"2017-11-15T17:15:07","guid":{"rendered":"http:\/\/www.horacioverini.com\/?page_id=2715"},"modified":"2024-12-11T17:50:29","modified_gmt":"2024-12-11T17:50:29","slug":"stress","status":"publish","type":"page","link":"https:\/\/www.horacioverini.com\/it\/stress\/","title":{"rendered":"Stress"},"content":{"rendered":"<p>[et_pb_section fb_built=&#8221;1&#8243; custom_padding_last_edited=&#8221;on|phone&#8221; _builder_version=&#8221;4.16&#8243; background_color=&#8221;#ffffff&#8221; parallax=&#8221;on&#8221; parallax_method=&#8221;off&#8221; custom_padding=&#8221;||30px|&#8221; custom_padding_tablet=&#8221;&#8221; custom_padding_phone=&#8221;||20px|&#8221; transparent_background=&#8221;off&#8221; make_fullwidth=&#8221;off&#8221; use_custom_width=&#8221;off&#8221; width_unit=&#8221;on&#8221; custom_width_px=&#8221;1080px&#8221; custom_width_percent=&#8221;80%&#8221; global_colors_info=&#8221;{}&#8221;][et_pb_row column_padding_mobile=&#8221;on&#8221; custom_padding_last_edited=&#8221;on|tablet&#8221; _builder_version=&#8221;4.16&#8243; background_color=&#8221;#ffffff&#8221; background_size=&#8221;initial&#8221; background_position=&#8221;top_left&#8221; background_repeat=&#8221;repeat&#8221; max_width=&#8221;1080px&#8221; custom_padding=&#8221;100px||50px|&#8221; custom_padding_tablet=&#8221;&#8221; custom_padding_phone=&#8221;50px||50px|||&#8221; make_fullwidth=&#8221;off&#8221; use_custom_width=&#8221;on&#8221; width_unit=&#8221;on&#8221; custom_width_px=&#8221;1080px&#8221; custom_width_percent=&#8221;80%&#8221; global_colors_info=&#8221;{}&#8221;][et_pb_column type=&#8221;4_4&#8243; _builder_version=&#8221;4.16&#8243; custom_padding=&#8221;|||&#8221; global_colors_info=&#8221;{}&#8221; custom_padding__hover=&#8221;|||&#8221;][et_pb_text _builder_version=&#8221;4.16&#8243; text_font=&#8221;Lato||||||||&#8221; text_font_size=&#8221;17px&#8221; text_letter_spacing=&#8221;2px&#8221; text_line_height=&#8221;2em&#8221; background_size=&#8221;initial&#8221; background_position=&#8221;top_left&#8221; background_repeat=&#8221;repeat&#8221; module_alignment=&#8221;left&#8221; custom_margin=&#8221;40px||10px|&#8221; custom_margin_tablet=&#8221;40px||10px|&#8221; custom_margin_phone=&#8221;40px||10px|&#8221; custom_margin_last_edited=&#8221;on|phone&#8221; text_font_size_tablet=&#8221;14px&#8221; text_font_size_phone=&#8221;14px&#8221; text_font_size_last_edited=&#8221;on|desktop&#8221; header_font_size_tablet=&#8221;18px&#8221; header_font_size_phone=&#8221;18px&#8221; header_font_size_last_edited=&#8221;on|desktop&#8221; border_color_all=&#8221;#ffffff&#8221; border_style_all=&#8221;solid&#8221; use_border_color=&#8221;off&#8221; border_color=&#8221;#ffffff&#8221; border_style=&#8221;solid&#8221; global_colors_info=&#8221;{}&#8221;]<\/p>\n<h1 style=\"text-align: left;\">STRESS<\/h1>\n<p style=\"text-align: justify;\">Lo stress \u00e8 la risposta che tiene le <strong>creature vive<\/strong> di fronte a questi agenti che rappresentano sia da un punto di vista reale (per es.: una belva feroce capace di divorarci) sia simbolico (guardare in televisione una disgrazia capitata dall\u2019altra parte del pianeta) un pericolo per la sopravvivenza.<\/p>\n<p style=\"text-align: justify;\">Lo stress simbolico \u00e8 tipico del solo mondo umano, e non \u00e8 conosciuto dal mondo animale che non ha alcuna reazione di fronte all\u2019immagine di un predatore.<\/p>\n<p style=\"text-align: justify;\">Lo stress \u00e8 una risposta di breve <strong>durata e prepara<\/strong> l\u2019unione mente\/corpo (indivisibile) per trovare scampo contro i pericoli sia lottando che sfuggendo loro<\/p>\n<p style=\"text-align: justify;\">Una volta scampati al pericolo, lo stress scompare lasciando posto a meccanismi di riparazione dei danni e degli effetti nocivi prodotti dallo stress.<\/p>\n<p style=\"text-align: justify;\">Ecco perch\u00e9 lo stress \u00e8 un fenomeno di per s\u00e9 di breve durata.<\/p>\n<p style=\"text-align: justify;\">Gli animali di fronte al pericolo decidono se lottare (come per la definizione del territorio) o se fuggire (predatori) per salvare la propria vita. Se ci riescono, una volta in salvo, lo stress scompare e inizia il recupero dello status precedente, continuando a vivere la propria vita esattamente come prima.<\/p>\n<p style=\"text-align: justify;\">Nel caso invece dell\u2019uomo, gli adattamenti richiesti dalla vita nella societ\u00e0 portano ad una modifica dello stress, che non pu\u00f2 essere vissuto come dagli animali. Per esempio, se un capo genera stress nella nostra vita lavorativa, ci sembra impossibile riuscire a contrastarlonel timore di essere licenziati e perdere il lavoro.\u00a0\u00a0 E allora, cosa fare?<br \/>\nTipicamente, NIENTE. O abbiamo la nostra unit\u00e0 mente\/corpo preparata a lottare o fuggire, o restiamo senza fare nulla e tutte le sostanze chimiche che potrebbero aiutare a lottare o ad allontanarci dal pericolo, dando forza e nutrimento ai muscoli e attenzione alla mente, non consumendosi nell\u2019azione vera e propria, invece di essere la migliore \u00a0possibilit\u00e0 di salvezza si trasformano in una malattia.<br \/>\nLo stress che non d\u00e0 luogo all\u2019azione si accumula assomandosi agli stress precedenti fino a che non riusciamo a liberarcene attraverso una vera e propria lotta fisica o una fuga o una altra simulazione, come la boxe o una corsa impegnativa). La somma di tutti questri stress non espressi e agiti \u00e8 la principale causa delle nostre malattie. Se non possiamo correre o fare un\u2019altra attivit\u00e0 fisica abbiamo altri modi a disposizione per ridurre lo stress accumulato, come la meditazione o altre pratiche, quasi tutte scaturite da discipline orientali. Dietro alle grandi epidemie non virali che affliggono l\u2019uomo moderno c\u2019\u00e8 lo stress. E quando parlo di nuove epidemie penso all\u2019obesit\u00e0, al diabete, all\u2019ipertensione, ai disturbi del sistema immunitario, alla gastrite, alle cobtratture muscolari, ai problemi agli organi riproduttivi, alle fobie, attacchi di panico e ansia e tutte le altre patologie psichiatriche.<\/p>\n<p>[\/et_pb_text][\/et_pb_column][\/et_pb_row][\/et_pb_section][et_pb_section fb_built=&#8221;1&#8243; inner_shadow=&#8221;on&#8221; custom_padding_last_edited=&#8221;on|desktop&#8221; _builder_version=&#8221;4.16&#8243; background_color=&#8221;#ffffff&#8221; background_image=&#8221;https:\/\/www.horacioverini.com\/wp-content\/uploads\/2016\/06\/LIBRO-VERINI.jpg&#8221; parallax=&#8221;on&#8221; parallax_method=&#8221;off&#8221; custom_padding=&#8221;50px|50px|50px|50px&#8221; custom_padding_tablet=&#8221;50px|0|50px|0&#8243; custom_padding_phone=&#8221;&#8221; transparent_background=&#8221;off&#8221; padding_mobile=&#8221;off&#8221; make_fullwidth=&#8221;off&#8221; use_custom_width=&#8221;off&#8221; width_unit=&#8221;on&#8221; custom_width_px=&#8221;1080px&#8221; custom_width_percent=&#8221;80%&#8221; global_colors_info=&#8221;{}&#8221;][et_pb_row padding_mobile=&#8221;on&#8221; column_padding_mobile=&#8221;on&#8221; _builder_version=&#8221;4.16&#8243; background_size=&#8221;initial&#8221; background_position=&#8221;top_left&#8221; background_repeat=&#8221;repeat&#8221; max_width=&#8221;1800px&#8221; custom_margin=&#8221;250px||250px|&#8221; custom_margin_tablet=&#8221;&#8221; custom_margin_phone=&#8221;&#8221; custom_margin_last_edited=&#8221;on|phone&#8221; custom_padding=&#8221;50px|50px|50px|50px&#8221; make_fullwidth=&#8221;on&#8221; use_custom_width=&#8221;on&#8221; width_unit=&#8221;on&#8221; custom_width_px=&#8221;1800px&#8221; custom_width_percent=&#8221;80%&#8221; global_colors_info=&#8221;{}&#8221;][et_pb_column type=&#8221;4_4&#8243; _builder_version=&#8221;4.16&#8243; custom_padding=&#8221;|||&#8221; global_colors_info=&#8221;{}&#8221; custom_padding__hover=&#8221;|||&#8221;][et_pb_divider show_divider=&#8221;off&#8221; disabled_on=&#8221;on|on|off&#8221; _builder_version=&#8221;4.16&#8243; height=&#8221;100px&#8221; hide_on_mobile=&#8221;on&#8221; global_colors_info=&#8221;{}&#8221;]&nbsp;<br \/>\n[\/et_pb_divider][\/et_pb_column][\/et_pb_row][\/et_pb_section][et_pb_section fb_built=&#8221;1&#8243; custom_padding_last_edited=&#8221;on|phone&#8221; _builder_version=&#8221;4.16&#8243; background_color=&#8221;#ffffff&#8221; parallax=&#8221;on&#8221; parallax_method=&#8221;off&#8221; custom_padding=&#8221;30px||30px|&#8221; custom_padding_tablet=&#8221;&#8221; custom_padding_phone=&#8221;20px||20px|&#8221; transparent_background=&#8221;off&#8221; make_fullwidth=&#8221;off&#8221; use_custom_width=&#8221;off&#8221; width_unit=&#8221;on&#8221; custom_width_px=&#8221;1080px&#8221; custom_width_percent=&#8221;80%&#8221; global_colors_info=&#8221;{}&#8221;][et_pb_row column_padding_mobile=&#8221;on&#8221; custom_padding_last_edited=&#8221;on|phone&#8221; _builder_version=&#8221;4.16&#8243; background_color=&#8221;#ffffff&#8221; background_size=&#8221;initial&#8221; background_position=&#8221;top_left&#8221; background_repeat=&#8221;repeat&#8221; max_width=&#8221;1080px&#8221; custom_padding=&#8221;20px|||&#8221; custom_padding_tablet=&#8221;&#8221; custom_padding_phone=&#8221;&#8221; make_fullwidth=&#8221;off&#8221; use_custom_width=&#8221;on&#8221; width_unit=&#8221;on&#8221; custom_width_px=&#8221;1080px&#8221; custom_width_percent=&#8221;80%&#8221; global_colors_info=&#8221;{}&#8221;][et_pb_column type=&#8221;4_4&#8243; _builder_version=&#8221;4.16&#8243; custom_padding=&#8221;|||&#8221; global_colors_info=&#8221;{}&#8221; custom_padding__hover=&#8221;|||&#8221;][et_pb_text _builder_version=&#8221;4.16&#8243; text_font=&#8221;Lato||||||||&#8221; text_font_size=&#8221;17px&#8221; text_letter_spacing=&#8221;2px&#8221; text_line_height=&#8221;2em&#8221; background_size=&#8221;initial&#8221; background_position=&#8221;top_left&#8221; background_repeat=&#8221;repeat&#8221; module_alignment=&#8221;left&#8221; custom_margin=&#8221;40px||10px|&#8221; custom_margin_tablet=&#8221;40px||10px|&#8221; custom_margin_phone=&#8221;40px||10px|&#8221; custom_margin_last_edited=&#8221;on|phone&#8221; text_font_size_tablet=&#8221;14px&#8221; text_font_size_phone=&#8221;14px&#8221; text_font_size_last_edited=&#8221;on|desktop&#8221; header_font_size_tablet=&#8221;18px&#8221; header_font_size_phone=&#8221;18px&#8221; header_font_size_last_edited=&#8221;on|desktop&#8221; border_color_all=&#8221;#ffffff&#8221; use_border_color=&#8221;off&#8221; border_color=&#8221;#ffffff&#8221; border_style=&#8221;solid&#8221; global_colors_info=&#8221;{}&#8221;]<\/p>\n<h1 style=\"text-align: left;\">Corsi e workshop<\/h1>\n<p style=\"text-align: left;\">Corsi di formazione manageriale, Banca <strong>Bankinter, Accenture, Agama Consultora, REPSOL-YPF, ESADE\u00a0 BUSINESS SCHOOL. <\/strong>Conferenze e corsi, <strong>Asociaci\u00f3n Aletheia, <\/strong>Madrid, Spagna.<\/p>\n<p style=\"text-align: left;\">Corsi per <strong>CRUZ ROJA ESPA\u00d1OLA <\/strong> (Asamblea Nacional de Madrid, sede provincial de Logro\u00f1o, Las Palmas de Gran\u00a0Canaria, Sta. Cruz de Tenerife, L\u00e9rida, etc).<\/p>\n<p style=\"text-align: left;\">Cursos personal Directivo y t\u00e9cnico de<strong> AENA <\/strong>(Gestion y administraci\u00f3n de todos los aeropuertos de Espa\u00f1a<strong>) (Direcci\u00f3n General (Madrid) <\/strong>y personal del<strong> Aeropuerto de A Coru\u00f1a. <\/strong>Centro de control a\u00e9reo<strong> de Torrej\u00f3n de Ardoz (Madrid).<\/strong>Centro de control<strong> del Aeropuerto de M\u00e1laga. Personal del Aeropuerto de Palma de Mallorca. Personal del aeropuerto de Sevilla, etc.\u00a0<\/strong><\/p>\n<p style=\"text-align: left;\">Cursos impartidos a la alta direcci\u00f3n<strong> de 3M.<\/strong><strong><br \/>\n<\/strong>Clientes VIPS de<strong> 3M en Barcelona. <\/strong>Personal del Centro de Inform\u00e1tica de <strong>3M<\/strong> en M\u00e1laga, Espa\u00f1a<br \/>\nCurso impartido personal t\u00e9cnico<strong> Diputaci\u00f3n Provincial de Valladolid.<\/strong>\u00a0 Espa\u00f1a.<br \/>\nConferencia \u201cEstr\u00e9s, Distr\u00e9s, como mejorar la salud de la empresa\u201d en Esade Bussines School . , Madrid, Espa\u00f1a.<\/p>\n<p style=\"text-align: left;\">Seminario Antiestr\u00e9s laboral en APD (Asociaci\u00f3n para la Direcci\u00f3n de la empresa) en Madrid, dirigido a T\u00e9cnicos de Riesgos laborales de: Banco Espa\u00f1a, Compa\u00f1\u00eda Aseguradora DKV, Caja Rural de C. Real, Endesa. , Madrid Espa\u00f1a<\/p>\n<p style=\"text-align: left;\">Conferencia sobre estr\u00e9s<strong>\u00a0 en el Campus Universitario de Cuenca.<\/strong> Espa\u00f1a.<br \/>\nCurso impartido a personal sanitario (m\u00e9dicos, psic\u00f3logos y personal de enfermeria) en la <strong>Consejeria de Sanidad de la Comunidad Aut\u00f3noma de Castilla-La Mancha<\/strong>\u00a0,Espa\u00f1a.<\/p>\n<p style=\"text-align: left;\">Curso miembros <strong>del Instituto Fay para la Estimulaci\u00f3n Multisensorial<\/strong>. Madrid, Espa\u00f1a<br \/>\nConferencias sobre estr\u00e9s en el <strong>Centro de Psicoterapia Gestalt de Modena<\/strong> (Italia)<br \/>\nCurso impartido a la alta direcci\u00f3n de la<strong> Caja\u00a0 Rural de C. Real.<\/strong> Espa\u00f1a.<\/p>\n<p style=\"text-align: left;\">Seminarios de <strong>\u201c<\/strong>FISIOTERAPIA Y PSICONEUROINMUNOENDOCRILOGIA<strong>\u201d <\/strong>impartidos en <strong>la Universidad de Castilla La Mancha<\/strong>\u00a0 a estudiantes de las Escuelas de Medicina, enfermeria y Fisioterapia. Espa\u00f1a.<br \/>\nSeminarios sobre \u201cPsicoinmunoendocrinolog\u00eda\u201c, impartidos a m\u00e9dicos. <strong>Universidad de Valencia<\/strong>. Espa\u00f1a.<\/p>\n<p>[\/et_pb_text][\/et_pb_column][\/et_pb_row][\/et_pb_section]<\/p>\n","protected":false},"excerpt":{"rendered":"<p>STRESS Lo stress \u00e8 la risposta che tiene le creature vive di fronte a questi agenti che rappresentano sia da un punto di vista reale (per es.: una belva feroce capace di divorarci) sia simbolico (guardare in televisione una disgrazia capitata dall\u2019altra parte del pianeta) un pericolo per la sopravvivenza. Lo stress simbolico \u00e8 tipico [&hellip;]<\/p>\n","protected":false},"author":1,"featured_media":0,"parent":0,"menu_order":0,"comment_status":"closed","ping_status":"closed","template":"","meta":{"_et_pb_use_builder":"on","_et_pb_old_content":"","_et_gb_content_width":"","footnotes":""},"class_list":["post-2715","page","type-page","status-publish","hentry"],"yoast_head":"<!-- This site is optimized with the Yoast SEO plugin v27.5 - https:\/\/yoast.com\/product\/yoast-seo-wordpress\/ -->\n<title>Stress - M\u00e9dico endocrino,metabolismo,medicina tibetana,especialistas en estres,divulgador y escritor.<\/title>\n<meta name=\"robots\" content=\"index, follow, max-snippet:-1, max-image-preview:large, max-video-preview:-1\" \/>\n<link rel=\"canonical\" href=\"https:\/\/www.horacioverini.com\/it\/stress\/\" \/>\n<meta property=\"og:locale\" content=\"it_IT\" \/>\n<meta property=\"og:type\" content=\"article\" \/>\n<meta property=\"og:title\" content=\"Stress - M\u00e9dico endocrino,metabolismo,medicina tibetana,especialistas en estres,divulgador y escritor.\" \/>\n<meta property=\"og:description\" content=\"STRESS Lo stress \u00e8 la risposta che tiene le creature vive di fronte a questi agenti che rappresentano sia da un punto di vista reale (per es.: una belva feroce capace di divorarci) sia simbolico (guardare in televisione una disgrazia capitata dall\u2019altra parte del pianeta) un pericolo per la sopravvivenza. Lo stress simbolico \u00e8 tipico [&hellip;]\" \/>\n<meta property=\"og:url\" content=\"https:\/\/www.horacioverini.com\/it\/stress\/\" \/>\n<meta property=\"og:site_name\" content=\"M\u00e9dico endocrino,metabolismo,medicina tibetana,especialistas en estres,divulgador y escritor.\" \/>\n<meta property=\"article:modified_time\" content=\"2024-12-11T17:50:29+00:00\" \/>\n<meta name=\"twitter:card\" content=\"summary_large_image\" \/>\n<meta name=\"twitter:label1\" content=\"Tempo di lettura stimato\" \/>\n\t<meta name=\"twitter:data1\" content=\"7 minuti\" \/>\n<script type=\"application\/ld+json\" class=\"yoast-schema-graph\">{\"@context\":\"https:\\\/\\\/schema.org\",\"@graph\":[{\"@type\":\"WebPage\",\"@id\":\"https:\\\/\\\/www.horacioverini.com\\\/it\\\/stress\\\/\",\"url\":\"https:\\\/\\\/www.horacioverini.com\\\/it\\\/stress\\\/\",\"name\":\"Stress - M\u00e9dico endocrino,metabolismo,medicina tibetana,especialistas en estres,divulgador y escritor.\",\"isPartOf\":{\"@id\":\"https:\\\/\\\/www.horacioverini.com\\\/#website\"},\"datePublished\":\"2017-11-15T17:15:07+00:00\",\"dateModified\":\"2024-12-11T17:50:29+00:00\",\"breadcrumb\":{\"@id\":\"https:\\\/\\\/www.horacioverini.com\\\/it\\\/stress\\\/#breadcrumb\"},\"inLanguage\":\"it-IT\",\"potentialAction\":[{\"@type\":\"ReadAction\",\"target\":[\"https:\\\/\\\/www.horacioverini.com\\\/it\\\/stress\\\/\"]}]},{\"@type\":\"BreadcrumbList\",\"@id\":\"https:\\\/\\\/www.horacioverini.com\\\/it\\\/stress\\\/#breadcrumb\",\"itemListElement\":[{\"@type\":\"ListItem\",\"position\":1,\"name\":\"Home\",\"item\":\"https:\\\/\\\/www.horacioverini.com\\\/it\\\/\"},{\"@type\":\"ListItem\",\"position\":2,\"name\":\"Stress\"}]},{\"@type\":\"WebSite\",\"@id\":\"https:\\\/\\\/www.horacioverini.com\\\/#website\",\"url\":\"https:\\\/\\\/www.horacioverini.com\\\/\",\"name\":\"M\u00e9dico endocrino,metabolismo,medicina tibetana,especialistas en estres,divulgador y escritor.\",\"description\":\"Medico especialista en medicina tibetana.\",\"potentialAction\":[{\"@type\":\"SearchAction\",\"target\":{\"@type\":\"EntryPoint\",\"urlTemplate\":\"https:\\\/\\\/www.horacioverini.com\\\/?s={search_term_string}\"},\"query-input\":{\"@type\":\"PropertyValueSpecification\",\"valueRequired\":true,\"valueName\":\"search_term_string\"}}],\"inLanguage\":\"it-IT\"}]}<\/script>\n<!-- \/ Yoast SEO plugin. -->","yoast_head_json":{"title":"Stress - M\u00e9dico endocrino,metabolismo,medicina tibetana,especialistas en estres,divulgador y escritor.","robots":{"index":"index","follow":"follow","max-snippet":"max-snippet:-1","max-image-preview":"max-image-preview:large","max-video-preview":"max-video-preview:-1"},"canonical":"https:\/\/www.horacioverini.com\/it\/stress\/","og_locale":"it_IT","og_type":"article","og_title":"Stress - M\u00e9dico endocrino,metabolismo,medicina tibetana,especialistas en estres,divulgador y escritor.","og_description":"STRESS Lo stress \u00e8 la risposta che tiene le creature vive di fronte a questi agenti che rappresentano sia da un punto di vista reale (per es.: una belva feroce capace di divorarci) sia simbolico (guardare in televisione una disgrazia capitata dall\u2019altra parte del pianeta) un pericolo per la sopravvivenza. Lo stress simbolico \u00e8 tipico [&hellip;]","og_url":"https:\/\/www.horacioverini.com\/it\/stress\/","og_site_name":"M\u00e9dico endocrino,metabolismo,medicina tibetana,especialistas en estres,divulgador y escritor.","article_modified_time":"2024-12-11T17:50:29+00:00","twitter_card":"summary_large_image","twitter_misc":{"Tempo di lettura stimato":"7 minuti"},"schema":{"@context":"https:\/\/schema.org","@graph":[{"@type":"WebPage","@id":"https:\/\/www.horacioverini.com\/it\/stress\/","url":"https:\/\/www.horacioverini.com\/it\/stress\/","name":"Stress - M\u00e9dico endocrino,metabolismo,medicina tibetana,especialistas en estres,divulgador y escritor.","isPartOf":{"@id":"https:\/\/www.horacioverini.com\/#website"},"datePublished":"2017-11-15T17:15:07+00:00","dateModified":"2024-12-11T17:50:29+00:00","breadcrumb":{"@id":"https:\/\/www.horacioverini.com\/it\/stress\/#breadcrumb"},"inLanguage":"it-IT","potentialAction":[{"@type":"ReadAction","target":["https:\/\/www.horacioverini.com\/it\/stress\/"]}]},{"@type":"BreadcrumbList","@id":"https:\/\/www.horacioverini.com\/it\/stress\/#breadcrumb","itemListElement":[{"@type":"ListItem","position":1,"name":"Home","item":"https:\/\/www.horacioverini.com\/it\/"},{"@type":"ListItem","position":2,"name":"Stress"}]},{"@type":"WebSite","@id":"https:\/\/www.horacioverini.com\/#website","url":"https:\/\/www.horacioverini.com\/","name":"M\u00e9dico endocrino,metabolismo,medicina tibetana,especialistas en estres,divulgador y escritor.","description":"Medico especialista en medicina tibetana.","potentialAction":[{"@type":"SearchAction","target":{"@type":"EntryPoint","urlTemplate":"https:\/\/www.horacioverini.com\/?s={search_term_string}"},"query-input":{"@type":"PropertyValueSpecification","valueRequired":true,"valueName":"search_term_string"}}],"inLanguage":"it-IT"}]}},"_links":{"self":[{"href":"https:\/\/www.horacioverini.com\/it\/wp-json\/wp\/v2\/pages\/2715","targetHints":{"allow":["GET"]}}],"collection":[{"href":"https:\/\/www.horacioverini.com\/it\/wp-json\/wp\/v2\/pages"}],"about":[{"href":"https:\/\/www.horacioverini.com\/it\/wp-json\/wp\/v2\/types\/page"}],"author":[{"embeddable":true,"href":"https:\/\/www.horacioverini.com\/it\/wp-json\/wp\/v2\/users\/1"}],"replies":[{"embeddable":true,"href":"https:\/\/www.horacioverini.com\/it\/wp-json\/wp\/v2\/comments?post=2715"}],"version-history":[{"count":8,"href":"https:\/\/www.horacioverini.com\/it\/wp-json\/wp\/v2\/pages\/2715\/revisions"}],"predecessor-version":[{"id":3480,"href":"https:\/\/www.horacioverini.com\/it\/wp-json\/wp\/v2\/pages\/2715\/revisions\/3480"}],"wp:attachment":[{"href":"https:\/\/www.horacioverini.com\/it\/wp-json\/wp\/v2\/media?parent=2715"}],"curies":[{"name":"wp","href":"https:\/\/api.w.org\/{rel}","templated":true}]}}