{"id":3380,"date":"2024-12-10T17:14:55","date_gmt":"2024-12-10T17:14:55","guid":{"rendered":"https:\/\/www.horacioverini.com\/?page_id=3380"},"modified":"2024-12-11T18:03:25","modified_gmt":"2024-12-11T18:03:25","slug":"quien-soy","status":"publish","type":"page","link":"https:\/\/www.horacioverini.com\/fr\/quien-soy\/","title":{"rendered":"Qui suis-je\u00a0?"},"content":{"rendered":"<p>[et_pb_section fb_built=\u00a0\u00bb1&Prime; _builder_version=\u00a0\u00bb4.16&Prime; transparent_background=\u00a0\u00bboff\u00a0\u00bb global_colors_info=\u00a0\u00bb{}\u00a0\u00bb][et_pb_row column_structure=\u00a0\u00bb1_2,1_2&Prime; _builder_version=\u00a0\u00bb4.16&Prime; background_size=\u00a0\u00bbinitial\u00a0\u00bb background_position=\u00a0\u00bbtop_left\u00a0\u00bb background_repeat=\u00a0\u00bbrepeat\u00a0\u00bb custom_padding=\u00a0\u00bb24px|0px|54px|0px\u00a0\u00bb global_colors_info=\u00a0\u00bb{}\u00a0\u00bb][et_pb_column type=\u00a0\u00bb1_2&Prime; _builder_version=\u00a0\u00bb4.16&Prime; custom_padding=\u00a0\u00bb|||\u00a0\u00bb global_colors_info=\u00a0\u00bb{}\u00a0\u00bb custom_padding__hover=\u00a0\u00bb|||\u00a0\u00bb][et_pb_team_member name=\u00a0\u00bbDr. Horacio Verini\u00a0\u00bb position=\u00a0\u00bbEndocrinologue et sp\u00e9cialiste du m\u00e9tabolisme\u00a0\u00bb linkedin_url=\u00a0\u00bbhttps:\/\/www.linkedin.com\/in\/horacio-verini-86b11044\/\u00a0\u00bb disabled_on=\u00a0\u00bboff|off|\u00a0\u00bb _builder_version=\u00a0\u00bb4.27.4&Prime; header_font_size=\u00a0\u00bb26&Prime; body_font=\u00a0\u00bbLato|||on|\u00a0\u00bb body_font_size=\u00a0\u00bb13&Prime; body_letter_spacing=\u00a0\u00bb2px\u00a0\u00bb body_line_height=\u00a0\u00bb2em\u00a0\u00bb background_size=\u00a0\u00bbinitial\u00a0\u00bb background_position=\u00a0\u00bbtop_left\u00a0\u00bb background_repeat=\u00a0\u00bbrepeat\u00a0\u00bb custom_margin=\u00a0\u00bb30px|||\u00a0\u00bb custom_margin_tablet=\u00a0\u00bb\u00a0\u00bb custom_margin_phone=\u00a0\u00bb\u00a0\u00bb custom_margin_last_edited=\u00a0\u00bbon|tablet\u00a0\u00bb header_font_size_tablet=\u00a0\u00bb16&Prime; header_font_size_phone=\u00a0\u00bb\u00a0\u00bb header_font_size_last_edited=\u00a0\u00bbon|desktop\u00a0\u00bb body_font_size_tablet=\u00a0\u00bb10&Prime; body_font_size_phone=\u00a0\u00bb9&Prime; body_font_size_last_edited=\u00a0\u00bbon|desktop\u00a0\u00bb global_colors_info=\u00a0\u00bb{}\u00a0\u00bb]<\/p>\n<p><img loading=\"lazy\" decoding=\"async\" class=\"aligncenter size-large wp-image-2652\" src=\"https:\/\/www.horacioverini.com\/wp-content\/uploads\/2016\/01\/HORACIO-RETRATO-V.10-1024x1024.jpg\" alt=\"\" width=\"1024\" height=\"1024\" \/><\/p>\n<p>[\/et_pb_team_member][\/et_pb_column][et_pb_column type=\u00a0\u00bb1_2&Prime; _builder_version=\u00a0\u00bb4.16&Prime; custom_padding=\u00a0\u00bb|||\u00a0\u00bb global_colors_info=\u00a0\u00bb{}\u00a0\u00bb custom_padding__hover=\u00a0\u00bb|||\u00a0\u00bb][et_pb_text content_tablet=\u00a0\u00bb<\/p>\n<h1 style=%22text-align: left;%22>Dr.HORACIO VERINI<\/h1>\n<p>Au cours de quarante-trois ann\u00e9es de pratique de la m\u00e9decine et d&rsquo;enseignement, le Dr Horacio Verini, endocrinologue, ancien chef du d\u00e9partement d&rsquo;endocrinologie et m\u00e9tabolisme de l&rsquo;H\u00f4pital Espagnol de Buenos Aires, a d\u00e9velopp\u00e9 une ligne de travail bas\u00e9e sur les contributions \u00e0 la psychoneuroimmunoendocrinologie, la vision Reichienne, la kin\u00e9siologie sp\u00e9cialis\u00e9e, les m\u00e9decines traditionnelles chinoises et tib\u00e9taines (formation acquise lors de plusieurs s\u00e9jours dans un monast\u00e8re avec des lamas d\u00e9di\u00e9s).<\/p>\n<h2><span style=%22font-size: large;%22>Curriculum, p\u00e9dagogie et recherche<\/span><\/h2>\n<p>Le Dr. Verini a \u00e9tudi\u00e9 la m\u00e9decine \u00e0 l&rsquo;Universit\u00e9 de Buenos Aires, o\u00f9 il a ensuite \u00e9t\u00e9 professeur et directeur des travaux pratiques. Il s&rsquo;est sp\u00e9cialis\u00e9 dans le service d&rsquo;endocrinologie, m\u00e9tabolisme et diab\u00e8te de l&rsquo;h\u00f4pital Espagnol de Buenos Aires o\u00f9 il est ensuite devenu m\u00e9decin et chef de service. Au sein de la m\u00eame institution, il a \u00e9galement exerc\u00e9 diff\u00e9rentes t\u00e2ches au sein du d\u00e9partement d&rsquo;enseignement et de recherche.<br \/>En pratique priv\u00e9e, il a travaill\u00e9 dans des cabinets \u00e0 Buenos Aires, Madrid, Asturies, Milan et Mod\u00e8ne et \u00e9tait responsable du projet de d\u00e9veloppement de la Clinique de Chirurgie Plastique Ripetta de la ville de Buenos Aires.<br \/>Actuellement, il exerce son activit\u00e9 de Professeur dans diff\u00e9rentes Universit\u00e9s europ\u00e9ennes o\u00f9 il enseigne des modules de psychoneuroimmunoendocrinologie \u00e0 un niveau entreprenarial, o\u00f9 il dispense des ateliers anti-stress, pr\u00e9vention du stress au travail et du burn-out, lib\u00e9ration de la cr\u00e9ativit\u00e9, maintien de la sant\u00e9 psychophysique et de l&rsquo;intelligence \u00e9motionnelle. Parmi ceux qui l&rsquo;ont solicit\u00e9 figurent : Esade Business School, 3 M, Respol, Croix-Rouge espagnole, AENA, APD (association pour la gestion d&rsquo;entreprises).<br \/>Son travail s&rsquo;est \u00e9galement \u00e9tendu \u00e0 l&rsquo;activit\u00e9 artistique, en enseignant des ateliers de conscience \u00e9motionnelle pour les interpr\u00e8tes (musiciens et chanteurs) dans divers orchestres et chorales \u00e0 Paris et Toulouse, France. Il a \u00e9galement dirig\u00e9 des cliniques de travail \u00e9motionnel et de pr\u00e9vention des maladies, pour les danseurs de danse classique et contemporaine, dans plusieurs villes.<\/p>\n<p>\u00a0\u00bb content_phone=\u00a0\u00bb<\/p>\n<h1 style=%22text-align: left;%22>Dr.HORACIO VERINI<\/h1>\n<p>Au cours de quarante-trois ann\u00e9es de pratique de la m\u00e9decine et d&rsquo;enseignement, le Dr Horacio Verini, endocrinologue, ancien chef du d\u00e9partement d&rsquo;endocrinologie et m\u00e9tabolisme de l&rsquo;H\u00f4pital Espagnol de Buenos Aires, a d\u00e9velopp\u00e9 une ligne de travail bas\u00e9e sur les contributions \u00e0 la psychoneuroimmunoendocrinologie, la vision Reichienne, la kin\u00e9siologie sp\u00e9cialis\u00e9e, les m\u00e9decines traditionnelles chinoises et tib\u00e9taines (formation acquise lors de plusieurs s\u00e9jours dans un monast\u00e8re avec des lamas d\u00e9di\u00e9s).<\/p>\n<h2><span style=%22font-size: medium;%22>Curriculum, p\u00e9dagogie et recherche<\/span><\/h2>\n<p>Le Dr. Verini a \u00e9tudi\u00e9 la m\u00e9decine \u00e0 l&rsquo;Universit\u00e9 de Buenos Aires, o\u00f9 il a ensuite \u00e9t\u00e9 professeur et directeur des travaux pratiques. Il s&rsquo;est sp\u00e9cialis\u00e9 dans le service d&rsquo;endocrinologie, m\u00e9tabolisme et diab\u00e8te de l&rsquo;h\u00f4pital Espagnol de Buenos Aires o\u00f9 il est ensuite devenu m\u00e9decin et chef de service. Au sein de la m\u00eame institution, il a \u00e9galement exerc\u00e9 diff\u00e9rentes t\u00e2ches au sein du d\u00e9partement d&rsquo;enseignement et de recherche.<br \/>En pratique priv\u00e9e, il a travaill\u00e9 dans des cabinets \u00e0 Buenos Aires, Madrid, Asturies, Milan et Mod\u00e8ne et \u00e9tait responsable du projet de d\u00e9veloppement de la Clinique de Chirurgie Plastique Ripetta de la ville de Buenos Aires.<br \/>Actuellement, il exerce son activit\u00e9 de Professeur dans diff\u00e9rentes Universit\u00e9s europ\u00e9ennes o\u00f9 il enseigne des modules de psychoneuroimmunoendocrinologie \u00e0 un niveau entreprenarial, o\u00f9 il dispense des ateliers anti-stress, pr\u00e9vention du stress au travail et du burn-out, lib\u00e9ration de la cr\u00e9ativit\u00e9, maintien de la sant\u00e9 psychophysique et de l&rsquo;intelligence \u00e9motionnelle. Parmi ceux qui l&rsquo;ont solicit\u00e9 figurent : Esade Business School, 3 M, Respol, Croix-Rouge espagnole, AENA, APD (association pour la gestion d&rsquo;entreprises).<br \/>Son travail s&rsquo;est \u00e9galement \u00e9tendu \u00e0 l&rsquo;activit\u00e9 artistique, en enseignant des ateliers de conscience \u00e9motionnelle pour les interpr\u00e8tes (musiciens et chanteurs) dans divers orchestres et chorales \u00e0 Paris et Toulouse, France. Il a \u00e9galement dirig\u00e9 des cliniques de travail \u00e9motionnel et de pr\u00e9vention des maladies, pour les danseurs de danse classique et contemporaine, dans plusieurs villes.<\/p>\n<p>\u00a0\u00bb content_last_edited=\u00a0\u00bbon|phone\u00a0\u00bb _builder_version=\u00a0\u00bb4.27.4&Prime; text_font=\u00a0\u00bbLato||||||||\u00a0\u00bb text_font_size=\u00a0\u00bb17px\u00a0\u00bb text_line_height=\u00a0\u00bb2em\u00a0\u00bb background_size=\u00a0\u00bbinitial\u00a0\u00bb background_position=\u00a0\u00bbtop_left\u00a0\u00bb background_repeat=\u00a0\u00bbrepeat\u00a0\u00bb module_alignment=\u00a0\u00bbleft\u00a0\u00bb custom_margin=\u00a0\u00bb40px||10px|\u00a0\u00bb custom_margin_tablet=\u00a0\u00bb\u00a0\u00bb custom_margin_phone=\u00a0\u00bb\u00a0\u00bb custom_margin_last_edited=\u00a0\u00bbon|phone\u00a0\u00bb hover_enabled=\u00a0\u00bb0&Prime; text_font_size_tablet=\u00a0\u00bb14px\u00a0\u00bb text_font_size_phone=\u00a0\u00bb15px\u00a0\u00bb text_font_size_last_edited=\u00a0\u00bbon|desktop\u00a0\u00bb header_font_size_tablet=\u00a0\u00bb18px\u00a0\u00bb header_font_size_phone=\u00a0\u00bb\u00a0\u00bb header_font_size_last_edited=\u00a0\u00bbon|desktop\u00a0\u00bb global_colors_info=\u00a0\u00bb{}\u00a0\u00bb text_letter_spacing=\u00a0\u00bb2px\u00a0\u00bb sticky_enabled=\u00a0\u00bb0&Prime;]<\/p>\n<h1 style=\"text-align: left;\">Dr.HORACIO VERINI<\/h1>\n<p>Au cours de quarante-trois ann\u00e9es de pratique de la m\u00e9decine et d&rsquo;enseignement, le Dr Horacio Verini, endocrinologue, ancien chef du d\u00e9partement d&rsquo;endocrinologie et m\u00e9tabolisme de l&rsquo;H\u00f4pital Espagnol de Buenos Aires, a d\u00e9velopp\u00e9 une ligne de travail bas\u00e9e sur les contributions \u00e0 la psychoneuroimmunoendocrinologie, la vision Reichienne, la kin\u00e9siologie sp\u00e9cialis\u00e9e, les m\u00e9decines traditionnelles chinoises et tib\u00e9taines (formation acquise lors de plusieurs s\u00e9jours dans un monast\u00e8re avec des lamas d\u00e9di\u00e9s).<\/p>\n<h2>Curriculum, p\u00e9dagogie et recherche<\/h2>\n<p>Le Dr. Verini a \u00e9tudi\u00e9 la m\u00e9decine \u00e0 l&rsquo;Universit\u00e9 de Buenos Aires, o\u00f9 il a ensuite \u00e9t\u00e9 professeur et directeur des travaux pratiques. Il s&rsquo;est sp\u00e9cialis\u00e9 dans le service d&rsquo;endocrinologie, m\u00e9tabolisme et diab\u00e8te de l&rsquo;h\u00f4pital Espagnol de Buenos Aires o\u00f9 il est ensuite devenu m\u00e9decin et chef de service. Au sein de la m\u00eame institution, il a \u00e9galement exerc\u00e9 diff\u00e9rentes t\u00e2ches au sein du d\u00e9partement d&rsquo;enseignement et de recherche.<br \/>En pratique priv\u00e9e, il a travaill\u00e9 dans des cabinets \u00e0 Buenos Aires, Madrid, Asturies, Milan et Mod\u00e8ne et \u00e9tait responsable du projet de d\u00e9veloppement de la Clinique de Chirurgie Plastique Ripetta de la ville de Buenos Aires.<br \/>Actuellement, il exerce son activit\u00e9 de Professeur dans diff\u00e9rentes Universit\u00e9s europ\u00e9ennes o\u00f9 il enseigne des modules de psychoneuroimmunoendocrinologie \u00e0 un niveau entreprenarial, o\u00f9 il dispense des ateliers anti-stress, pr\u00e9vention du stress au travail et du burn-out, lib\u00e9ration de la cr\u00e9ativit\u00e9, maintien de la sant\u00e9 psychophysique et de l&rsquo;intelligence \u00e9motionnelle. Parmi ceux qui l&rsquo;ont solicit\u00e9 figurent : Esade Business School, 3 M, Respol, Croix-Rouge espagnole, AENA, APD (association pour la gestion d&rsquo;entreprises).<br \/>Son travail s&rsquo;est \u00e9galement \u00e9tendu \u00e0 l&rsquo;activit\u00e9 artistique, en enseignant des ateliers de conscience \u00e9motionnelle pour les interpr\u00e8tes (musiciens et chanteurs) dans divers orchestres et chorales \u00e0 Paris et Toulouse, France. Il a \u00e9galement dirig\u00e9 des cliniques de travail \u00e9motionnel et de pr\u00e9vention des maladies, pour les danseurs de danse classique et contemporaine, dans plusieurs villes.<\/p>\n<p>[\/et_pb_text][\/et_pb_column][\/et_pb_row][\/et_pb_section]<\/p>\n","protected":false},"excerpt":{"rendered":"<p>Dr.HORACIO VERINI Au cours de quarante-trois ann\u00e9es de pratique de la m\u00e9decine et d&rsquo;enseignement, le Dr Horacio Verini, endocrinologue, ancien chef du d\u00e9partement d&rsquo;endocrinologie et m\u00e9tabolisme de l&rsquo;H\u00f4pital Espagnol de Buenos Aires, a d\u00e9velopp\u00e9 une ligne de travail bas\u00e9e sur les contributions \u00e0 la psychoneuroimmunoendocrinologie, la vision Reichienne, la kin\u00e9siologie sp\u00e9cialis\u00e9e, les m\u00e9decines traditionnelles chinoises [&hellip;]<\/p>\n","protected":false},"author":1,"featured_media":0,"parent":0,"menu_order":0,"comment_status":"closed","ping_status":"closed","template":"","meta":{"_et_pb_use_builder":"on","_et_pb_old_content":"<p>[et_pb_section fb_built=\"1\" _builder_version=\"4.16\" transparent_background=\"off\" global_colors_info=\"{}\"][et_pb_row column_structure=\"1_2,1_2\" _builder_version=\"4.16\" background_size=\"initial\" background_position=\"top_left\" background_repeat=\"repeat\" custom_padding=\"24px|0px|54px|0px\" global_colors_info=\"{}\"][et_pb_column type=\"1_2\" _builder_version=\"4.16\" custom_padding=\"|||\" global_colors_info=\"{}\" custom_padding__hover=\"|||\"][et_pb_team_member name=\"Dr. Horacio Verini\" position=\"Especialista endocrin\u00f3logo y metabolismo\" linkedin_url=\"https:\/\/www.linkedin.com\/in\/horacio-verini-86b11044\/\" disabled_on=\"off|off|\" _builder_version=\"4.16\" header_font_size=\"26\" body_font=\"Lato|||on|\" body_font_size=\"13\" body_letter_spacing=\"2px\" body_line_height=\"2em\" background_size=\"initial\" background_position=\"top_left\" background_repeat=\"repeat\" custom_margin=\"30px|||\" custom_margin_tablet=\"\" custom_margin_phone=\"\" custom_margin_last_edited=\"on|tablet\" header_font_size_tablet=\"16\" header_font_size_phone=\"\" header_font_size_last_edited=\"on|desktop\" body_font_size_tablet=\"10\" body_font_size_phone=\"9\" body_font_size_last_edited=\"on|desktop\" global_colors_info=\"{}\"]<img class=\"aligncenter size-large wp-image-2652\" src=\"https:\/\/www.horacioverini.com\/wp-content\/uploads\/2016\/01\/HORACIO-RETRATO-V.10-1024x1024.jpg\" alt=\"\" width=\"1024\" height=\"1024\" \/><br \/>[\/et_pb_team_member][\/et_pb_column][et_pb_column type=\"1_2\" _builder_version=\"4.16\" custom_padding=\"|||\" global_colors_info=\"{}\" custom_padding__hover=\"|||\"][et_pb_text _builder_version=\"4.22.2\" text_font=\"Lato||||||||\" text_font_size=\"17px\" text_letter_spacing=\"2px\" text_line_height=\"2em\" background_size=\"initial\" background_position=\"top_left\" background_repeat=\"repeat\" module_alignment=\"left\" custom_margin=\"40px||10px|\" custom_margin_tablet=\"\" custom_margin_phone=\"\" custom_margin_last_edited=\"on|phone\" hover_enabled=\"0\" text_font_size_tablet=\"14px\" text_font_size_phone=\"14px\" text_font_size_last_edited=\"on|desktop\" header_font_size_tablet=\"18px\" header_font_size_phone=\"\" header_font_size_last_edited=\"on|desktop\" global_colors_info=\"{}\" sticky_enabled=\"0\"]<\/p><h1 style=\"text-align: left;\">Dr.HORACIO VERINI<\/h1><p style=\"text-align: left;\">A lo largo de cuarenta y tres a\u00f1os, de ejercicio de la medicina y la docencia,el Dr. Horacio Verini, Endocrin\u00f3logo, Ex Jefe del Departamento de Endocrinolog\u00eda y Metabolismo del Hospital Espa\u00f1ol de Buenos Aires ha desarrollado una l\u00ednea de trabajo que se sustenta en las aportaciones de la psiconeuroinmunoendocrinolog\u00eda, la visi\u00f3n reichiana, la kinesiolog\u00eda especializada, las medicinas tradicionales china y tibetana (formaci\u00f3n adquirida en sus varias estancias en un monasterio con lamas m\u00e9dicos).<\/p><h2 style=\"text-align: left;\">Curr\u00edculum,docencia e investigaci\u00f3n.<\/h2><p style=\"text-align: left;\">El Dr. Verini estudi\u00f3 Medicina en la Universidad de Buenos Aires, de la que luego fue docente y jefe de trabajos pr\u00e1cticos. Realiz\u00f3 su especializaci\u00f3n en el Servicio de\u00a0<strong>Endocrinolog\u00eda Metabolismo<\/strong>\u00a0y\u00a0<strong>Diabetes<\/strong>\u00a0del Hospital Espa\u00f1ol de Buenos Aires donde luego fue m\u00e9dico de planta y Jefe de Servicio. En la misma instituci\u00f3n tambi\u00e9n desempe\u00f1\u00f3 diferentes tareas en el departamento de\u00a0<strong>Docencia<\/strong>\u00a0e\u00a0<strong>Investigaci\u00f3n<\/strong>.<\/p><p style=\"text-align: left;\">En la pr\u00e1ctica privada ha sea desempe\u00f1ado en sus consultas particulares de Buenos aires, Madrid, Asturias, Milano y Modena y es Jefe de proyecto de desarrollo en la Clinica Ripetta de Cirug\u00eda Pl\u00e1stica de la ciudad de Buenos Aires.<\/p><p style=\"text-align: left;\">Actualmente su actividad docente se desarrolla en diferentes Universidades Europeas donde imparte m\u00f3dulos de\u00a0<strong>Psiconeuroinmunoendocrinolog\u00eda<\/strong>\u00a0y a nivel empresarial donde imparte talleres\u00a0<strong>antiestres<\/strong>, prevenci\u00f3n del estr\u00e9s laboral y el Burnout, desbloqueo de la creatividad, mantenimiento de la salud psicof\u00edsica e inteligencia emocional. Entre los que le han contratado de encuentran: Esade Business School, 3M, Repsol, Cruz Roja Espa\u00f1ola, AENA, APD (asociaci\u00f3n para la direcci\u00f3n de la empresa).<\/p><p style=\"text-align: left;\">Tambi\u00e9n su trabajo se ha extendido hacia la actividad art\u00edstica impartiendo Talleres de sensibilizaci\u00f3n emocional para int\u00e9rpretes (m\u00fasicos y cantantes) impartidos para diversos Orquestas y Coros en Paris y Toulouse, Francia. En varias ciudades, tambi\u00e9n dirigi\u00f3 Cl\u00ednicas de\u00a0<strong>trabajo emociona<\/strong>l y<strong>\u00a0prevenci\u00f3n de enfermedades<\/strong>\u00a0para bailarines de danza cl\u00e1sica y contempor\u00e1nea<\/p><p>[\/et_pb_text][\/et_pb_column][\/et_pb_row][\/et_pb_section]<\/p>","_et_gb_content_width":"","footnotes":""},"class_list":["post-3380","page","type-page","status-publish","hentry"],"yoast_head":"<!-- This site is optimized with the Yoast SEO plugin v27.5 - https:\/\/yoast.com\/product\/yoast-seo-wordpress\/ -->\n<title>Qui suis-je\u00a0? - M\u00e9dico endocrino,metabolismo,medicina tibetana,especialistas en estres,divulgador y escritor.<\/title>\n<meta name=\"robots\" content=\"index, follow, max-snippet:-1, max-image-preview:large, max-video-preview:-1\" \/>\n<link rel=\"canonical\" href=\"https:\/\/www.horacioverini.com\/fr\/quien-soy\/\" \/>\n<meta property=\"og:locale\" content=\"fr_FR\" \/>\n<meta property=\"og:type\" content=\"article\" \/>\n<meta property=\"og:title\" content=\"Qui suis-je\u00a0? - M\u00e9dico endocrino,metabolismo,medicina tibetana,especialistas en estres,divulgador y escritor.\" \/>\n<meta property=\"og:description\" content=\"Dr.HORACIO VERINI Au cours de quarante-trois ann\u00e9es de pratique de la m\u00e9decine et d&#039;enseignement, le Dr Horacio Verini, endocrinologue, ancien chef du d\u00e9partement d&#039;endocrinologie et m\u00e9tabolisme de l&#039;H\u00f4pital Espagnol de Buenos Aires, a d\u00e9velopp\u00e9 une ligne de travail bas\u00e9e sur les contributions \u00e0 la psychoneuroimmunoendocrinologie, la vision Reichienne, la kin\u00e9siologie sp\u00e9cialis\u00e9e, les m\u00e9decines traditionnelles chinoises [&hellip;]\" \/>\n<meta property=\"og:url\" content=\"https:\/\/www.horacioverini.com\/fr\/quien-soy\/\" \/>\n<meta property=\"og:site_name\" content=\"M\u00e9dico endocrino,metabolismo,medicina tibetana,especialistas en estres,divulgador y escritor.\" \/>\n<meta property=\"article:modified_time\" content=\"2024-12-11T18:03:25+00:00\" \/>\n<meta property=\"og:image\" content=\"https:\/\/www.horacioverini.com\/wp-content\/uploads\/2016\/01\/HORACIO-RETRATO-V.10-e1508958648402.jpg\" \/>\n\t<meta property=\"og:image:width\" content=\"1024\" \/>\n\t<meta property=\"og:image:height\" content=\"1023\" \/>\n\t<meta property=\"og:image:type\" content=\"image\/jpeg\" \/>\n<meta name=\"twitter:card\" content=\"summary_large_image\" \/>\n<meta name=\"twitter:label1\" content=\"Dur\u00e9e de lecture estim\u00e9e\" \/>\n\t<meta name=\"twitter:data1\" content=\"2 minutes\" \/>\n<script type=\"application\/ld+json\" class=\"yoast-schema-graph\">{\"@context\":\"https:\\\/\\\/schema.org\",\"@graph\":[{\"@type\":\"WebPage\",\"@id\":\"https:\\\/\\\/www.horacioverini.com\\\/fr\\\/quien-soy\\\/\",\"url\":\"https:\\\/\\\/www.horacioverini.com\\\/fr\\\/quien-soy\\\/\",\"name\":\"Qui suis-je\u00a0? - M\u00e9dico endocrino,metabolismo,medicina tibetana,especialistas en estres,divulgador y escritor.\",\"isPartOf\":{\"@id\":\"https:\\\/\\\/www.horacioverini.com\\\/#website\"},\"primaryImageOfPage\":{\"@id\":\"https:\\\/\\\/www.horacioverini.com\\\/fr\\\/quien-soy\\\/#primaryimage\"},\"image\":{\"@id\":\"https:\\\/\\\/www.horacioverini.com\\\/fr\\\/quien-soy\\\/#primaryimage\"},\"thumbnailUrl\":\"https:\\\/\\\/www.horacioverini.com\\\/wp-content\\\/uploads\\\/2016\\\/01\\\/HORACIO-RETRATO-V.10-1024x1024.jpg\",\"datePublished\":\"2024-12-10T17:14:55+00:00\",\"dateModified\":\"2024-12-11T18:03:25+00:00\",\"breadcrumb\":{\"@id\":\"https:\\\/\\\/www.horacioverini.com\\\/fr\\\/quien-soy\\\/#breadcrumb\"},\"inLanguage\":\"fr-FR\",\"potentialAction\":[{\"@type\":\"ReadAction\",\"target\":[\"https:\\\/\\\/www.horacioverini.com\\\/fr\\\/quien-soy\\\/\"]}]},{\"@type\":\"ImageObject\",\"inLanguage\":\"fr-FR\",\"@id\":\"https:\\\/\\\/www.horacioverini.com\\\/fr\\\/quien-soy\\\/#primaryimage\",\"url\":\"https:\\\/\\\/www.horacioverini.com\\\/wp-content\\\/uploads\\\/2016\\\/01\\\/HORACIO-RETRATO-V.10-1024x1024.jpg\",\"contentUrl\":\"https:\\\/\\\/www.horacioverini.com\\\/wp-content\\\/uploads\\\/2016\\\/01\\\/HORACIO-RETRATO-V.10-1024x1024.jpg\"},{\"@type\":\"BreadcrumbList\",\"@id\":\"https:\\\/\\\/www.horacioverini.com\\\/fr\\\/quien-soy\\\/#breadcrumb\",\"itemListElement\":[{\"@type\":\"ListItem\",\"position\":1,\"name\":\"Accueil\",\"item\":\"https:\\\/\\\/www.horacioverini.com\\\/fr\\\/\"},{\"@type\":\"ListItem\",\"position\":2,\"name\":\"Qui suis-je\u00a0?\"}]},{\"@type\":\"WebSite\",\"@id\":\"https:\\\/\\\/www.horacioverini.com\\\/#website\",\"url\":\"https:\\\/\\\/www.horacioverini.com\\\/\",\"name\":\"M\u00e9dico endocrino,metabolismo,medicina tibetana,especialistas en estres,divulgador y escritor.\",\"description\":\"Medico especialista en medicina tibetana.\",\"potentialAction\":[{\"@type\":\"SearchAction\",\"target\":{\"@type\":\"EntryPoint\",\"urlTemplate\":\"https:\\\/\\\/www.horacioverini.com\\\/?s={search_term_string}\"},\"query-input\":{\"@type\":\"PropertyValueSpecification\",\"valueRequired\":true,\"valueName\":\"search_term_string\"}}],\"inLanguage\":\"fr-FR\"}]}<\/script>\n<!-- \/ Yoast SEO plugin. -->","yoast_head_json":{"title":"Qui suis-je\u00a0? - M\u00e9dico endocrino,metabolismo,medicina tibetana,especialistas en estres,divulgador y escritor.","robots":{"index":"index","follow":"follow","max-snippet":"max-snippet:-1","max-image-preview":"max-image-preview:large","max-video-preview":"max-video-preview:-1"},"canonical":"https:\/\/www.horacioverini.com\/fr\/quien-soy\/","og_locale":"fr_FR","og_type":"article","og_title":"Qui suis-je\u00a0? - M\u00e9dico endocrino,metabolismo,medicina tibetana,especialistas en estres,divulgador y escritor.","og_description":"Dr.HORACIO VERINI Au cours de quarante-trois ann\u00e9es de pratique de la m\u00e9decine et d'enseignement, le Dr Horacio Verini, endocrinologue, ancien chef du d\u00e9partement d'endocrinologie et m\u00e9tabolisme de l'H\u00f4pital Espagnol de Buenos Aires, a d\u00e9velopp\u00e9 une ligne de travail bas\u00e9e sur les contributions \u00e0 la psychoneuroimmunoendocrinologie, la vision Reichienne, la kin\u00e9siologie sp\u00e9cialis\u00e9e, les m\u00e9decines traditionnelles chinoises [&hellip;]","og_url":"https:\/\/www.horacioverini.com\/fr\/quien-soy\/","og_site_name":"M\u00e9dico endocrino,metabolismo,medicina tibetana,especialistas en estres,divulgador y escritor.","article_modified_time":"2024-12-11T18:03:25+00:00","og_image":[{"width":1024,"height":1023,"url":"https:\/\/www.horacioverini.com\/wp-content\/uploads\/2016\/01\/HORACIO-RETRATO-V.10-e1508958648402.jpg","type":"image\/jpeg"}],"twitter_card":"summary_large_image","twitter_misc":{"Dur\u00e9e de lecture estim\u00e9e":"2 minutes"},"schema":{"@context":"https:\/\/schema.org","@graph":[{"@type":"WebPage","@id":"https:\/\/www.horacioverini.com\/fr\/quien-soy\/","url":"https:\/\/www.horacioverini.com\/fr\/quien-soy\/","name":"Qui suis-je\u00a0? - M\u00e9dico endocrino,metabolismo,medicina tibetana,especialistas en estres,divulgador y escritor.","isPartOf":{"@id":"https:\/\/www.horacioverini.com\/#website"},"primaryImageOfPage":{"@id":"https:\/\/www.horacioverini.com\/fr\/quien-soy\/#primaryimage"},"image":{"@id":"https:\/\/www.horacioverini.com\/fr\/quien-soy\/#primaryimage"},"thumbnailUrl":"https:\/\/www.horacioverini.com\/wp-content\/uploads\/2016\/01\/HORACIO-RETRATO-V.10-1024x1024.jpg","datePublished":"2024-12-10T17:14:55+00:00","dateModified":"2024-12-11T18:03:25+00:00","breadcrumb":{"@id":"https:\/\/www.horacioverini.com\/fr\/quien-soy\/#breadcrumb"},"inLanguage":"fr-FR","potentialAction":[{"@type":"ReadAction","target":["https:\/\/www.horacioverini.com\/fr\/quien-soy\/"]}]},{"@type":"ImageObject","inLanguage":"fr-FR","@id":"https:\/\/www.horacioverini.com\/fr\/quien-soy\/#primaryimage","url":"https:\/\/www.horacioverini.com\/wp-content\/uploads\/2016\/01\/HORACIO-RETRATO-V.10-1024x1024.jpg","contentUrl":"https:\/\/www.horacioverini.com\/wp-content\/uploads\/2016\/01\/HORACIO-RETRATO-V.10-1024x1024.jpg"},{"@type":"BreadcrumbList","@id":"https:\/\/www.horacioverini.com\/fr\/quien-soy\/#breadcrumb","itemListElement":[{"@type":"ListItem","position":1,"name":"Accueil","item":"https:\/\/www.horacioverini.com\/fr\/"},{"@type":"ListItem","position":2,"name":"Qui suis-je\u00a0?"}]},{"@type":"WebSite","@id":"https:\/\/www.horacioverini.com\/#website","url":"https:\/\/www.horacioverini.com\/","name":"M\u00e9dico endocrino,metabolismo,medicina tibetana,especialistas en estres,divulgador y escritor.","description":"Medico especialista en medicina tibetana.","potentialAction":[{"@type":"SearchAction","target":{"@type":"EntryPoint","urlTemplate":"https:\/\/www.horacioverini.com\/?s={search_term_string}"},"query-input":{"@type":"PropertyValueSpecification","valueRequired":true,"valueName":"search_term_string"}}],"inLanguage":"fr-FR"}]}},"_links":{"self":[{"href":"https:\/\/www.horacioverini.com\/fr\/wp-json\/wp\/v2\/pages\/3380","targetHints":{"allow":["GET"]}}],"collection":[{"href":"https:\/\/www.horacioverini.com\/fr\/wp-json\/wp\/v2\/pages"}],"about":[{"href":"https:\/\/www.horacioverini.com\/fr\/wp-json\/wp\/v2\/types\/page"}],"author":[{"embeddable":true,"href":"https:\/\/www.horacioverini.com\/fr\/wp-json\/wp\/v2\/users\/1"}],"replies":[{"embeddable":true,"href":"https:\/\/www.horacioverini.com\/fr\/wp-json\/wp\/v2\/comments?post=3380"}],"version-history":[{"count":7,"href":"https:\/\/www.horacioverini.com\/fr\/wp-json\/wp\/v2\/pages\/3380\/revisions"}],"predecessor-version":[{"id":3488,"href":"https:\/\/www.horacioverini.com\/fr\/wp-json\/wp\/v2\/pages\/3380\/revisions\/3488"}],"wp:attachment":[{"href":"https:\/\/www.horacioverini.com\/fr\/wp-json\/wp\/v2\/media?parent=3380"}],"curies":[{"name":"wp","href":"https:\/\/api.w.org\/{rel}","templated":true}]}}