{"id":2687,"date":"2017-11-10T10:31:54","date_gmt":"2017-11-10T10:31:54","guid":{"rendered":"http:\/\/www.horacioverini.com\/?page_id=2687"},"modified":"2024-12-11T17:51:21","modified_gmt":"2024-12-11T17:51:21","slug":"stress","status":"publish","type":"page","link":"https:\/\/www.horacioverini.com\/en\/stress\/","title":{"rendered":"Stress"},"content":{"rendered":"<p>[et_pb_section fb_built=&#8221;1&#8243; custom_padding_last_edited=&#8221;on|phone&#8221; _builder_version=&#8221;4.22.2&#8243; background_color=&#8221;#ffffff&#8221; parallax=&#8221;on&#8221; parallax_method=&#8221;off&#8221; module_alignment=&#8221;center&#8221; custom_padding=&#8221;||30px|&#8221; custom_padding_tablet=&#8221;&#8221; custom_padding_phone=&#8221;||20px|&#8221; transparent_background=&#8221;off&#8221; make_fullwidth=&#8221;off&#8221; use_custom_width=&#8221;off&#8221; width_unit=&#8221;on&#8221; custom_width_px=&#8221;1080px&#8221; custom_width_percent=&#8221;80%&#8221; global_colors_info=&#8221;{}&#8221;][et_pb_row column_padding_mobile=&#8221;on&#8221; custom_padding_last_edited=&#8221;on|tablet&#8221; _builder_version=&#8221;4.16&#8243; background_color=&#8221;#ffffff&#8221; background_size=&#8221;initial&#8221; background_position=&#8221;top_left&#8221; background_repeat=&#8221;repeat&#8221; max_width=&#8221;1080px&#8221; custom_padding=&#8221;100px||50px|&#8221; custom_padding_tablet=&#8221;&#8221; custom_padding_phone=&#8221;50px||50px|||&#8221; make_fullwidth=&#8221;off&#8221; use_custom_width=&#8221;on&#8221; width_unit=&#8221;on&#8221; custom_width_px=&#8221;1080px&#8221; custom_width_percent=&#8221;80%&#8221; global_colors_info=&#8221;{}&#8221;][et_pb_column type=&#8221;4_4&#8243; _builder_version=&#8221;4.16&#8243; custom_padding=&#8221;|||&#8221; global_colors_info=&#8221;{}&#8221; custom_padding__hover=&#8221;|||&#8221;][et_pb_text content_tablet=&#8221;<\/p>\n<h1 style=%22text-align: left;%22>STRESS<\/h1>\n<p>Stress is the response that all living beings have in face of events that present as real (being eaten or attacked) or symbolic (watch distressing images on the TV) that threaten them. The latter is only a threat to humans as no animal suffers stress when faced with the statue of its predator.<\/p>\n<p>Stress is a short-lived response and prepares the body-mind unit to be safe either by fighting danger or fleeing from it.Once safe from danger, stress disappears and repair mechanisms come into play to recover the damage caused by stress. As you can see, stress is<br \/>thus a short-term situation.<\/p>\n<p>In nature, the stress suffered from the animal quickly disappears as it feels safe from danger without any further significance.<br \/>When it comes to humans, however, life in society means that stress cannot dealt with the same way. As an example, a boss can make his employee feel stressed out. The latter simply cannot fight him off due to the risk of being fired, it cannot flee either because he would lose his job. So, what to do? Usually nothing. Body and mind unit which automatically prepares to fight or flee freezes. All the chemical substances that give to the muscles the strength and nutrients are not burnt out in the process become a cause of illness.<\/p>\n<p>The sum of our undealt with stresses create lead to even more stress causing aches and pains and at times, illnesses. There are other ways to lessen the stress produced by the lack of action in face of fight or flight response; meditation is one of them along with many other practices of Eastern origin.<\/p>\n<p>There have been many epidemics and plagues in the history of human kind, although today\u2019s man faces stress as the new culprit for several deceases affecting mind and body. Furthermore, modern society is facing yet more health challenges such obesity, diabetes, hypertension, immune disorders, gastritis, muscle stiffness, reproductive problems, phobias, panic attacks, anxiety and other psychiatric pathologies.<\/p>\n<p>&#8221; content_phone=&#8221;<\/p>\n<h1 style=%22text-align: left;%22>STRESS<\/h1>\n<p>Stress is the response that all living beings have in face of events that present as real (being eaten or attacked) or symbolic (watch distressing images on the TV) that threaten them. The latter is only a threat to humans as no animal suffers stress when faced with the statue of its predator.<\/p>\n<p>Stress is a short-lived response and prepares the body-mind unit to be safe either by fighting danger or fleeing from it.Once safe from danger, stress disappears and repair mechanisms come into play to recover the damage caused by stress. As you can see, stress is<br \/>thus a short-term situation.<\/p>\n<p>In nature, the stress suffered from the animal quickly disappears as it feels safe from danger without any further significance.<br \/>When it comes to humans, however, life in society means that stress cannot dealt with the same way. As an example, a boss can make his employee feel stressed out. The latter simply cannot fight him off due to the risk of being fired, it cannot flee either because he would lose his job. So, what to do? Usually nothing. Body and mind unit which automatically prepares to fight or flee freezes. All the chemical substances that give to the muscles the strength and nutrients are not burnt out in the process become a cause of illness.<\/p>\n<p>The sum of our undealt with stresses create lead to even more stress causing aches and pains and at times, illnesses. There are other ways to lessen the stress produced by the lack of action in face of fight or flight response; meditation is one of them along with many other practices of Eastern origin.<\/p>\n<p>There have been many epidemics and plagues in the history of human kind, although today\u2019s man faces stress as the new culprit for several deceases affecting mind and body. Furthermore, modern society is facing yet more health challenges such obesity, diabetes, hypertension, immune disorders, gastritis, muscle stiffness, reproductive problems, phobias, panic attacks, anxiety and other psychiatric pathologies.<\/p>\n<p>&#8221; content_last_edited=&#8221;on|tablet&#8221; _builder_version=&#8221;4.22.2&#8243; text_font=&#8221;Lato||||||||&#8221; text_font_size=&#8221;17px&#8221; text_letter_spacing=&#8221;2px&#8221; text_line_height=&#8221;2em&#8221; background_size=&#8221;initial&#8221; background_position=&#8221;top_left&#8221; background_repeat=&#8221;repeat&#8221; module_alignment=&#8221;left&#8221; custom_margin=&#8221;40px||10px|&#8221; custom_margin_tablet=&#8221;40px||10px|&#8221; custom_margin_phone=&#8221;40px||10px|&#8221; custom_margin_last_edited=&#8221;on|phone&#8221; text_font_size_tablet=&#8221;14px&#8221; text_font_size_phone=&#8221;14px&#8221; text_font_size_last_edited=&#8221;on|desktop&#8221; header_font_size_tablet=&#8221;18px&#8221; header_font_size_phone=&#8221;18px&#8221; header_font_size_last_edited=&#8221;on|desktop&#8221; border_color_all=&#8221;#ffffff&#8221; use_border_color=&#8221;off&#8221; border_color=&#8221;#ffffff&#8221; border_style=&#8221;solid&#8221; global_colors_info=&#8221;{}&#8221; text_line_height__hover_enabled=&#8221;off|desktop&#8221; text_line_height__hover=&#8221;1.7em&#8221;]<\/p>\n<h1 style=\"text-align: left;\">STRESS<\/h1>\n<p>Stress is the response that all living beings have in face of events that present as real (being eaten or attacked) or symbolic (watch distressing images on the TV) that threaten them. The latter is only a threat to humans as no animal suffers stress when faced with the statue of its predator.<\/p>\n<p>Stress is a short-lived response and prepares the body-mind unit to be safe either by fighting danger or fleeing from it.Once safe from danger, stress disappears and repair mechanisms come into play to recover the damage caused by stress. As you can see, stress is<br \/>thus a short-term situation.<\/p>\n<p>In nature, the stress suffered from the animal quickly disappears as it feels safe from danger without any further significance.<br \/>When it comes to humans, however, life in society means that stress cannot dealt with the same way. As an example, a boss can make his employee feel stressed out. The latter simply cannot fight him off due to the risk of being fired, it cannot flee either because he would lose his job. So, what to do? Usually nothing. Body and mind unit which automatically prepares to fight or flee freezes. All the chemical substances that give to the muscles the strength and nutrients are not burnt out in the process become a cause of illness.<\/p>\n<p>The sum of our undealt with stresses create lead to even more stress causing aches and pains and at times, illnesses. There are other ways to lessen the stress produced by the lack of action in face of fight or flight response; meditation is one of them along with many other practices of Eastern origin.<\/p>\n<p>There have been many epidemics and plagues in the history of human kind, although today\u2019s man faces stress as the new culprit for several deceases affecting mind and body. Furthermore, modern society is facing yet more health challenges such obesity, diabetes, hypertension, immune disorders, gastritis, muscle stiffness, reproductive problems, phobias, panic attacks, anxiety and other psychiatric pathologies.<\/p>\n<p>[\/et_pb_text][\/et_pb_column][\/et_pb_row][\/et_pb_section][et_pb_section fb_built=&#8221;1&#8243; inner_shadow=&#8221;on&#8221; custom_padding_last_edited=&#8221;on|desktop&#8221; _builder_version=&#8221;4.16&#8243; background_color=&#8221;#ffffff&#8221; background_image=&#8221;https:\/\/www.horacioverini.com\/wp-content\/uploads\/2016\/06\/LIBRO-VERINI.jpg&#8221; parallax=&#8221;on&#8221; parallax_method=&#8221;off&#8221; custom_padding=&#8221;50px|50px|50px|50px&#8221; custom_padding_tablet=&#8221;50px|0|50px|0&#8243; custom_padding_phone=&#8221;&#8221; transparent_background=&#8221;off&#8221; padding_mobile=&#8221;off&#8221; make_fullwidth=&#8221;off&#8221; use_custom_width=&#8221;off&#8221; width_unit=&#8221;on&#8221; custom_width_px=&#8221;1080px&#8221; custom_width_percent=&#8221;80%&#8221; global_colors_info=&#8221;{}&#8221;][et_pb_row padding_mobile=&#8221;on&#8221; column_padding_mobile=&#8221;on&#8221; _builder_version=&#8221;4.16&#8243; background_size=&#8221;initial&#8221; background_position=&#8221;top_left&#8221; background_repeat=&#8221;repeat&#8221; max_width=&#8221;1800px&#8221; custom_margin=&#8221;250px||250px|&#8221; custom_margin_tablet=&#8221;&#8221; custom_margin_phone=&#8221;&#8221; custom_margin_last_edited=&#8221;on|phone&#8221; custom_padding=&#8221;50px|50px|50px|50px&#8221; make_fullwidth=&#8221;on&#8221; use_custom_width=&#8221;on&#8221; width_unit=&#8221;on&#8221; custom_width_px=&#8221;1800px&#8221; custom_width_percent=&#8221;80%&#8221; global_colors_info=&#8221;{}&#8221;][et_pb_column type=&#8221;4_4&#8243; _builder_version=&#8221;4.16&#8243; custom_padding=&#8221;|||&#8221; global_colors_info=&#8221;{}&#8221; custom_padding__hover=&#8221;|||&#8221;][et_pb_divider show_divider=&#8221;off&#8221; disabled_on=&#8221;on|on|off&#8221; _builder_version=&#8221;4.16&#8243; height=&#8221;100px&#8221; hide_on_mobile=&#8221;on&#8221; global_colors_info=&#8221;{}&#8221;]&nbsp;<br \/>\n[\/et_pb_divider][\/et_pb_column][\/et_pb_row][\/et_pb_section][et_pb_section fb_built=&#8221;1&#8243; custom_padding_last_edited=&#8221;on|phone&#8221; _builder_version=&#8221;4.16&#8243; background_color=&#8221;#ffffff&#8221; parallax=&#8221;on&#8221; parallax_method=&#8221;off&#8221; custom_padding=&#8221;30px||30px|&#8221; custom_padding_tablet=&#8221;&#8221; custom_padding_phone=&#8221;20px||20px|&#8221; transparent_background=&#8221;off&#8221; make_fullwidth=&#8221;off&#8221; use_custom_width=&#8221;off&#8221; width_unit=&#8221;on&#8221; custom_width_px=&#8221;1080px&#8221; custom_width_percent=&#8221;80%&#8221; global_colors_info=&#8221;{}&#8221;][et_pb_row column_padding_mobile=&#8221;on&#8221; custom_padding_last_edited=&#8221;on|phone&#8221; _builder_version=&#8221;4.16&#8243; background_color=&#8221;#ffffff&#8221; background_size=&#8221;initial&#8221; background_position=&#8221;top_left&#8221; background_repeat=&#8221;repeat&#8221; max_width=&#8221;1080px&#8221; custom_padding=&#8221;20px|||&#8221; custom_padding_tablet=&#8221;&#8221; custom_padding_phone=&#8221;&#8221; make_fullwidth=&#8221;off&#8221; use_custom_width=&#8221;on&#8221; width_unit=&#8221;on&#8221; custom_width_px=&#8221;1080px&#8221; custom_width_percent=&#8221;80%&#8221; global_colors_info=&#8221;{}&#8221;][et_pb_column type=&#8221;4_4&#8243; _builder_version=&#8221;4.16&#8243; custom_padding=&#8221;|||&#8221; global_colors_info=&#8221;{}&#8221; custom_padding__hover=&#8221;|||&#8221;][et_pb_text _builder_version=&#8221;4.22.2&#8243; text_font=&#8221;Lato||||||||&#8221; text_font_size=&#8221;17px&#8221; text_letter_spacing=&#8221;2px&#8221; text_line_height=&#8221;2em&#8221; background_size=&#8221;initial&#8221; background_position=&#8221;top_left&#8221; background_repeat=&#8221;repeat&#8221; module_alignment=&#8221;left&#8221; custom_margin=&#8221;40px||10px|&#8221; custom_margin_tablet=&#8221;40px||10px|&#8221; custom_margin_phone=&#8221;40px||10px|&#8221; custom_margin_last_edited=&#8221;on|phone&#8221; text_font_size_tablet=&#8221;14px&#8221; text_font_size_phone=&#8221;14px&#8221; text_font_size_last_edited=&#8221;on|desktop&#8221; header_font_size_tablet=&#8221;18px&#8221; header_font_size_phone=&#8221;18px&#8221; header_font_size_last_edited=&#8221;on|desktop&#8221; border_color_all=&#8221;#ffffff&#8221; border_style_all=&#8221;solid&#8221; use_border_color=&#8221;off&#8221; border_color=&#8221;#ffffff&#8221; border_style=&#8221;solid&#8221; global_colors_info=&#8221;{}&#8221;]<\/p>\n<h1 style=\"text-align: left;\">Workshops, seminars and conferences<\/h1>\n<p style=\"text-align: left;\">Workshops aimed at senior executives, management and directors of Bank Bankinter, Madrid, Spain.<br \/>Workshops aimed at senior executives and technicians for<strong> REPSOL-YPF<\/strong> , Madrid, Spain.<br \/>Workshops and training aimed at senior executives, management and directors of ESADE Business School, Madrid, Spain.<br \/>Workshops at Accenture, Madrid\u2019s headquarters, Spain.<br \/>Workshop at Agama Consultancy, Madrid, Spain.<\/p>\n<p style=\"text-align: left;\">Conferencias y cursos en la sede social de la <strong>Asociaci\u00f3n Aletheia, <\/strong>, Madrid, Espa\u00f1a.<\/p>\n<p style=\"text-align: left;\">Workshops aimed at the personnel of<strong> CRUZ ROJA<\/strong>, Spain in several locations such as\u00a0 Asamblea Nacional de Madrid, Sede Provincial de Logro\u00f1o, Las Palmas de Gran Canaria, Sta. Cruz de Tenerife, L\u00e9rida, etc.<\/p>\n<p style=\"text-align: left;\">Workshops aimed at senior executives and technicians for <strong>AENA<\/strong> (Management and maintenance of Spanish Airports)<br \/>Headquarters (Madrid). A Coru\u00f1a Airport staff. <strong>Airport Control Centre at \u00a0Torrej\u00f3n de Ardoz (Madrid and M\u00e1laga) Palma de Mallorca and Sevilla Airport staff.<\/strong><\/p>\n<p style=\"text-align: left;\">Workshops aimed at C- level executives at <strong>3M<\/strong> and its VIP clients in Barcelona, Spain.<br \/><strong>3M\u2019s<\/strong> staff at its IT Centre in M\u00e1laga, Spain.<br \/>Training and workshop to the technicians of <strong>Diputaci\u00f3n Provincial of Valladolid<\/strong>, Spain.<\/p>\n<p style=\"text-align: left;\">Conference \u201cStress and to improve the company\u2019s overall health in the workplace\u201d at Esade Bussines School, Madrid, Spain.<\/p>\n<p style=\"text-align: left;\">Reduce work place stress seminar aimed at risk analysts for <strong>APD (Asociaci\u00f3n para la Empresa) Banco Espa\u00f1a, Compa\u00f1\u00eda Aseguradora DKV, Caja Rural de C. Real, Endesa, Madrid<\/strong>, Spain.<br \/>Conference in stress at university level at Campus Universitario de Cuenca, Spain.<\/p>\n<p style=\"text-align: left;\">Workshop organised to train health practicioners and support staff at Consejeria de Sanidad de la Comunidad Aut\u00f3noma de Castilla-La Mancha, Spain.<\/p>\n<p style=\"text-align: left;\">Workshop for members of the <strong>Institute Fay for Multisensory Stimulation<\/strong>. Madrid, Spain.<br \/>Conferences in stress related illneses at <strong>Centro de Psicoterapia Gestalt, Modena,<\/strong> Italy.<\/p>\n<p style=\"text-align: left;\">Workshops and training aimed at senior executives, management and directors of Caja Rural de C. Real, Spain.<br \/>\u201c<strong>PHYSIOTHERAPY AND PSICONEUROINMUNOENDOCRINOLOGY<\/strong>\u201d Seminars at <strong>Universidad de Castilla La Mancha<\/strong> aimed at medical, nursing and physiotherapy students,Spain.<br \/>\u201cPsicoinmunoendocrinology\u201c Seminars for doctors at <strong>Universidad de Valencia<\/strong>, Spain.<\/p>\n<p>[\/et_pb_text][\/et_pb_column][\/et_pb_row][\/et_pb_section]<\/p>\n","protected":false},"excerpt":{"rendered":"<p>STRESS Stress is the response that all living beings have in face of events that present as real (being eaten or attacked) or symbolic (watch distressing images on the TV) that threaten them. The latter is only a threat to humans as no animal suffers stress when faced with the statue of its predator. Stress [&hellip;]<\/p>\n","protected":false},"author":1,"featured_media":0,"parent":0,"menu_order":0,"comment_status":"closed","ping_status":"closed","template":"","meta":{"_et_pb_use_builder":"on","_et_pb_old_content":"","_et_gb_content_width":"","footnotes":""},"class_list":["post-2687","page","type-page","status-publish","hentry"],"yoast_head":"<!-- This site is optimized with the Yoast SEO plugin v27.5 - https:\/\/yoast.com\/product\/yoast-seo-wordpress\/ -->\n<title>Stress - M\u00e9dico endocrino,metabolismo,medicina tibetana,especialistas en estres,divulgador y escritor.<\/title>\n<meta name=\"robots\" content=\"index, follow, max-snippet:-1, max-image-preview:large, max-video-preview:-1\" \/>\n<link rel=\"canonical\" href=\"https:\/\/www.horacioverini.com\/en\/stress\/\" \/>\n<meta property=\"og:locale\" content=\"en_US\" \/>\n<meta property=\"og:type\" content=\"article\" \/>\n<meta property=\"og:title\" content=\"Stress - M\u00e9dico endocrino,metabolismo,medicina tibetana,especialistas en estres,divulgador y escritor.\" \/>\n<meta property=\"og:description\" content=\"STRESS Stress is the response that all living beings have in face of events that present as real (being eaten or attacked) or symbolic (watch distressing images on the TV) that threaten them. The latter is only a threat to humans as no animal suffers stress when faced with the statue of its predator. Stress [&hellip;]\" \/>\n<meta property=\"og:url\" content=\"https:\/\/www.horacioverini.com\/en\/stress\/\" \/>\n<meta property=\"og:site_name\" content=\"M\u00e9dico endocrino,metabolismo,medicina tibetana,especialistas en estres,divulgador y escritor.\" \/>\n<meta property=\"article:modified_time\" content=\"2024-12-11T17:51:21+00:00\" \/>\n<meta name=\"twitter:card\" content=\"summary_large_image\" \/>\n<meta name=\"twitter:label1\" content=\"Est. reading time\" \/>\n\t<meta name=\"twitter:data1\" content=\"10 minutes\" \/>\n<script type=\"application\/ld+json\" class=\"yoast-schema-graph\">{\"@context\":\"https:\\\/\\\/schema.org\",\"@graph\":[{\"@type\":\"WebPage\",\"@id\":\"https:\\\/\\\/www.horacioverini.com\\\/en\\\/stress\\\/\",\"url\":\"https:\\\/\\\/www.horacioverini.com\\\/en\\\/stress\\\/\",\"name\":\"Stress - M\u00e9dico endocrino,metabolismo,medicina tibetana,especialistas en estres,divulgador y escritor.\",\"isPartOf\":{\"@id\":\"https:\\\/\\\/www.horacioverini.com\\\/#website\"},\"datePublished\":\"2017-11-10T10:31:54+00:00\",\"dateModified\":\"2024-12-11T17:51:21+00:00\",\"breadcrumb\":{\"@id\":\"https:\\\/\\\/www.horacioverini.com\\\/en\\\/stress\\\/#breadcrumb\"},\"inLanguage\":\"en-US\",\"potentialAction\":[{\"@type\":\"ReadAction\",\"target\":[\"https:\\\/\\\/www.horacioverini.com\\\/en\\\/stress\\\/\"]}]},{\"@type\":\"BreadcrumbList\",\"@id\":\"https:\\\/\\\/www.horacioverini.com\\\/en\\\/stress\\\/#breadcrumb\",\"itemListElement\":[{\"@type\":\"ListItem\",\"position\":1,\"name\":\"Home\",\"item\":\"https:\\\/\\\/www.horacioverini.com\\\/en\\\/\"},{\"@type\":\"ListItem\",\"position\":2,\"name\":\"Stress\"}]},{\"@type\":\"WebSite\",\"@id\":\"https:\\\/\\\/www.horacioverini.com\\\/#website\",\"url\":\"https:\\\/\\\/www.horacioverini.com\\\/\",\"name\":\"M\u00e9dico endocrino,metabolismo,medicina tibetana,especialistas en estres,divulgador y escritor.\",\"description\":\"Medico especialista en medicina tibetana.\",\"potentialAction\":[{\"@type\":\"SearchAction\",\"target\":{\"@type\":\"EntryPoint\",\"urlTemplate\":\"https:\\\/\\\/www.horacioverini.com\\\/?s={search_term_string}\"},\"query-input\":{\"@type\":\"PropertyValueSpecification\",\"valueRequired\":true,\"valueName\":\"search_term_string\"}}],\"inLanguage\":\"en-US\"}]}<\/script>\n<!-- \/ Yoast SEO plugin. -->","yoast_head_json":{"title":"Stress - M\u00e9dico endocrino,metabolismo,medicina tibetana,especialistas en estres,divulgador y escritor.","robots":{"index":"index","follow":"follow","max-snippet":"max-snippet:-1","max-image-preview":"max-image-preview:large","max-video-preview":"max-video-preview:-1"},"canonical":"https:\/\/www.horacioverini.com\/en\/stress\/","og_locale":"en_US","og_type":"article","og_title":"Stress - M\u00e9dico endocrino,metabolismo,medicina tibetana,especialistas en estres,divulgador y escritor.","og_description":"STRESS Stress is the response that all living beings have in face of events that present as real (being eaten or attacked) or symbolic (watch distressing images on the TV) that threaten them. The latter is only a threat to humans as no animal suffers stress when faced with the statue of its predator. Stress [&hellip;]","og_url":"https:\/\/www.horacioverini.com\/en\/stress\/","og_site_name":"M\u00e9dico endocrino,metabolismo,medicina tibetana,especialistas en estres,divulgador y escritor.","article_modified_time":"2024-12-11T17:51:21+00:00","twitter_card":"summary_large_image","twitter_misc":{"Est. reading time":"10 minutes"},"schema":{"@context":"https:\/\/schema.org","@graph":[{"@type":"WebPage","@id":"https:\/\/www.horacioverini.com\/en\/stress\/","url":"https:\/\/www.horacioverini.com\/en\/stress\/","name":"Stress - M\u00e9dico endocrino,metabolismo,medicina tibetana,especialistas en estres,divulgador y escritor.","isPartOf":{"@id":"https:\/\/www.horacioverini.com\/#website"},"datePublished":"2017-11-10T10:31:54+00:00","dateModified":"2024-12-11T17:51:21+00:00","breadcrumb":{"@id":"https:\/\/www.horacioverini.com\/en\/stress\/#breadcrumb"},"inLanguage":"en-US","potentialAction":[{"@type":"ReadAction","target":["https:\/\/www.horacioverini.com\/en\/stress\/"]}]},{"@type":"BreadcrumbList","@id":"https:\/\/www.horacioverini.com\/en\/stress\/#breadcrumb","itemListElement":[{"@type":"ListItem","position":1,"name":"Home","item":"https:\/\/www.horacioverini.com\/en\/"},{"@type":"ListItem","position":2,"name":"Stress"}]},{"@type":"WebSite","@id":"https:\/\/www.horacioverini.com\/#website","url":"https:\/\/www.horacioverini.com\/","name":"M\u00e9dico endocrino,metabolismo,medicina tibetana,especialistas en estres,divulgador y escritor.","description":"Medico especialista en medicina tibetana.","potentialAction":[{"@type":"SearchAction","target":{"@type":"EntryPoint","urlTemplate":"https:\/\/www.horacioverini.com\/?s={search_term_string}"},"query-input":{"@type":"PropertyValueSpecification","valueRequired":true,"valueName":"search_term_string"}}],"inLanguage":"en-US"}]}},"_links":{"self":[{"href":"https:\/\/www.horacioverini.com\/en\/wp-json\/wp\/v2\/pages\/2687","targetHints":{"allow":["GET"]}}],"collection":[{"href":"https:\/\/www.horacioverini.com\/en\/wp-json\/wp\/v2\/pages"}],"about":[{"href":"https:\/\/www.horacioverini.com\/en\/wp-json\/wp\/v2\/types\/page"}],"author":[{"embeddable":true,"href":"https:\/\/www.horacioverini.com\/en\/wp-json\/wp\/v2\/users\/1"}],"replies":[{"embeddable":true,"href":"https:\/\/www.horacioverini.com\/en\/wp-json\/wp\/v2\/comments?post=2687"}],"version-history":[{"count":21,"href":"https:\/\/www.horacioverini.com\/en\/wp-json\/wp\/v2\/pages\/2687\/revisions"}],"predecessor-version":[{"id":3481,"href":"https:\/\/www.horacioverini.com\/en\/wp-json\/wp\/v2\/pages\/2687\/revisions\/3481"}],"wp:attachment":[{"href":"https:\/\/www.horacioverini.com\/en\/wp-json\/wp\/v2\/media?parent=2687"}],"curies":[{"name":"wp","href":"https:\/\/api.w.org\/{rel}","templated":true}]}}